{"id":613,"date":"2020-09-21T15:19:55","date_gmt":"2020-09-21T13:19:55","guid":{"rendered":"https:\/\/www.socklab.eu\/?page_id=613"},"modified":"2020-10-20T19:02:23","modified_gmt":"2020-10-20T17:02:23","slug":"kollektion-mannern","status":"publish","type":"page","link":"https:\/\/www.socklab.eu\/de\/produkte\/cradle2cradle\/kollektion-mannern\/","title":{"rendered":"Kollektion M\u00e4nnern"},"content":{"rendered":"\n<p>Wir bei Socklab glauben, dass die Socken, die wir tragen, besser sein k\u00f6nnten. Besser f\u00fcr Mensch und Umwelt. Die Kombination aus kontinuierlicher Innovation und Umwelt ist daher f\u00fcr uns f\u00fchrend bei der Entwicklung unserer nachhaltigen Kollektionen. Wir werden unsere Kollektionen weiterentwickeln.<\/p>\n","protected":false},"excerpt":{"rendered":"<p>Wir bei Socklab glauben, dass die Socken, die wir tragen, besser sein k\u00f6nnten. Besser f\u00fcr Mensch und Umwelt. Die Kombination aus kontinuierlicher Innovation und Umwelt ist daher f\u00fcr uns f\u00fchrend bei der Entwicklung unserer nachhaltigen Kollektionen. Wir werden unsere Kollektionen weiterentwickeln.<\/p>\n","protected":false},"author":1,"featured_media":439,"parent":216,"menu_order":0,"comment_status":"closed","ping_status":"closed","template":"templates\/page-collection.php","meta":{"_acf_changed":false,"_coblocks_attr":"","_coblocks_dimensions":"","_coblocks_responsive_height":"","_coblocks_accordion_ie_support":"","footnotes":""},"class_list":["post-613","page","type-page","status-publish","has-post-thumbnail","hentry"],"acf":[],"yoast_head":"<!-- This site is optimized with the Yoast SEO plugin v23.6 - https:\/\/yoast.com\/wordpress\/plugins\/seo\/ -->\n<title>Socklab | Kollektion | M\u00e4nnern | Essentials | Structured<\/title>\n<meta name=\"description\" content=\"Die Kombination aus kontinuierlicher Innovation und Umwelt ist f\u00fcr uns f\u00fchrend bei der Entwicklung unserer nachhaltigen Kollektionen.\" \/>\n<meta name=\"robots\" content=\"index, follow, max-snippet:-1, max-image-preview:large, max-video-preview:-1\" \/>\n<link rel=\"canonical\" href=\"https:\/\/www.socklab.eu\/de\/produkte\/cradle2cradle\/kollektion-mannern\/\" \/>\n<meta property=\"og:locale\" content=\"de_DE\" \/>\n<meta property=\"og:type\" content=\"article\" \/>\n<meta property=\"og:title\" content=\"Socklab | Kollektion | M\u00e4nnern | Essentials | Structured\" \/>\n<meta property=\"og:description\" content=\"Die Kombination aus kontinuierlicher Innovation und Umwelt ist f\u00fcr uns f\u00fchrend bei der Entwicklung unserer nachhaltigen Kollektionen.\" \/>\n<meta property=\"og:url\" content=\"https:\/\/www.socklab.eu\/de\/produkte\/cradle2cradle\/kollektion-mannern\/\" \/>\n<meta property=\"og:site_name\" content=\"Socklab\" \/>\n<meta property=\"article:modified_time\" content=\"2020-10-20T17:02:23+00:00\" \/>\n<meta property=\"og:image\" content=\"https:\/\/www.socklab.eu\/wp-content\/uploads\/2020\/06\/2020-06-11_aanpassingen_kk_-VOOR-BF_b_PDF-30.jpg\" \/>\n\t<meta property=\"og:image:width\" content=\"800\" \/>\n\t<meta property=\"og:image:height\" content=\"533\" \/>\n\t<meta property=\"og:image:type\" content=\"image\/jpeg\" \/>\n<meta name=\"twitter:card\" content=\"summary_large_image\" \/>\n<script type=\"application\/ld+json\" class=\"yoast-schema-graph\">{\"@context\":\"https:\/\/schema.org\",\"@graph\":[{\"@type\":\"WebPage\",\"@id\":\"https:\/\/www.socklab.eu\/de\/produkte\/cradle2cradle\/kollektion-mannern\/\",\"url\":\"https:\/\/www.socklab.eu\/de\/produkte\/cradle2cradle\/kollektion-mannern\/\",\"name\":\"Socklab | Kollektion | M\u00e4nnern | Essentials | Structured\",\"isPartOf\":{\"@id\":\"https:\/\/www.socklab.eu\/#website\"},\"primaryImageOfPage\":{\"@id\":\"https:\/\/www.socklab.eu\/de\/produkte\/cradle2cradle\/kollektion-mannern\/#primaryimage\"},\"image\":{\"@id\":\"https:\/\/www.socklab.eu\/de\/produkte\/cradle2cradle\/kollektion-mannern\/#primaryimage\"},\"thumbnailUrl\":\"https:\/\/www.socklab.eu\/wp-content\/uploads\/2020\/06\/2020-06-11_aanpassingen_kk_-VOOR-BF_b_PDF-30.jpg\",\"datePublished\":\"2020-09-21T13:19:55+00:00\",\"dateModified\":\"2020-10-20T17:02:23+00:00\",\"description\":\"Die Kombination aus kontinuierlicher Innovation und Umwelt ist f\u00fcr uns f\u00fchrend bei der Entwicklung unserer nachhaltigen Kollektionen.\",\"breadcrumb\":{\"@id\":\"https:\/\/www.socklab.eu\/de\/produkte\/cradle2cradle\/kollektion-mannern\/#breadcrumb\"},\"inLanguage\":\"de\",\"potentialAction\":[{\"@type\":\"ReadAction\",\"target\":[\"https:\/\/www.socklab.eu\/de\/produkte\/cradle2cradle\/kollektion-mannern\/\"]}]},{\"@type\":\"ImageObject\",\"inLanguage\":\"de\",\"@id\":\"https:\/\/www.socklab.eu\/de\/produkte\/cradle2cradle\/kollektion-mannern\/#primaryimage\",\"url\":\"https:\/\/www.socklab.eu\/wp-content\/uploads\/2020\/06\/2020-06-11_aanpassingen_kk_-VOOR-BF_b_PDF-30.jpg\",\"contentUrl\":\"https:\/\/www.socklab.eu\/wp-content\/uploads\/2020\/06\/2020-06-11_aanpassingen_kk_-VOOR-BF_b_PDF-30.jpg\",\"width\":800,\"height\":533},{\"@type\":\"BreadcrumbList\",\"@id\":\"https:\/\/www.socklab.eu\/de\/produkte\/cradle2cradle\/kollektion-mannern\/#breadcrumb\",\"itemListElement\":[{\"@type\":\"ListItem\",\"position\":1,\"name\":\"Home\",\"item\":\"https:\/\/www.socklab.eu\/de\/\"},{\"@type\":\"ListItem\",\"position\":2,\"name\":\"Produkte\",\"item\":\"https:\/\/www.socklab.eu\/de\/produkte\/\"},{\"@type\":\"ListItem\",\"position\":3,\"name\":\"Cradle2Cradle\",\"item\":\"https:\/\/www.socklab.eu\/de\/produkte\/cradle2cradle\/\"},{\"@type\":\"ListItem\",\"position\":4,\"name\":\"Kollektion M\u00e4nnern\"}]},{\"@type\":\"WebSite\",\"@id\":\"https:\/\/www.socklab.eu\/#website\",\"url\":\"https:\/\/www.socklab.eu\/\",\"name\":\"Socklab\",\"description\":\"Just another WordPress site\",\"potentialAction\":[{\"@type\":\"SearchAction\",\"target\":{\"@type\":\"EntryPoint\",\"urlTemplate\":\"https:\/\/www.socklab.eu\/?s={search_term_string}\"},\"query-input\":{\"@type\":\"PropertyValueSpecification\",\"valueRequired\":true,\"valueName\":\"search_term_string\"}}],\"inLanguage\":\"de\"}]}<\/script>\n<!-- \/ Yoast SEO plugin. -->","yoast_head_json":{"title":"Socklab | Kollektion | M\u00e4nnern | Essentials | Structured","description":"Die Kombination aus kontinuierlicher Innovation und Umwelt ist f\u00fcr uns f\u00fchrend bei der Entwicklung unserer nachhaltigen Kollektionen.","robots":{"index":"index","follow":"follow","max-snippet":"max-snippet:-1","max-image-preview":"max-image-preview:large","max-video-preview":"max-video-preview:-1"},"canonical":"https:\/\/www.socklab.eu\/de\/produkte\/cradle2cradle\/kollektion-mannern\/","og_locale":"de_DE","og_type":"article","og_title":"Socklab | Kollektion | M\u00e4nnern | Essentials | Structured","og_description":"Die Kombination aus kontinuierlicher Innovation und Umwelt ist f\u00fcr uns f\u00fchrend bei der Entwicklung unserer nachhaltigen Kollektionen.","og_url":"https:\/\/www.socklab.eu\/de\/produkte\/cradle2cradle\/kollektion-mannern\/","og_site_name":"Socklab","article_modified_time":"2020-10-20T17:02:23+00:00","og_image":[{"width":800,"height":533,"url":"https:\/\/www.socklab.eu\/wp-content\/uploads\/2020\/06\/2020-06-11_aanpassingen_kk_-VOOR-BF_b_PDF-30.jpg","type":"image\/jpeg"}],"twitter_card":"summary_large_image","schema":{"@context":"https:\/\/schema.org","@graph":[{"@type":"WebPage","@id":"https:\/\/www.socklab.eu\/de\/produkte\/cradle2cradle\/kollektion-mannern\/","url":"https:\/\/www.socklab.eu\/de\/produkte\/cradle2cradle\/kollektion-mannern\/","name":"Socklab | Kollektion | M\u00e4nnern | Essentials | Structured","isPartOf":{"@id":"https:\/\/www.socklab.eu\/#website"},"primaryImageOfPage":{"@id":"https:\/\/www.socklab.eu\/de\/produkte\/cradle2cradle\/kollektion-mannern\/#primaryimage"},"image":{"@id":"https:\/\/www.socklab.eu\/de\/produkte\/cradle2cradle\/kollektion-mannern\/#primaryimage"},"thumbnailUrl":"https:\/\/www.socklab.eu\/wp-content\/uploads\/2020\/06\/2020-06-11_aanpassingen_kk_-VOOR-BF_b_PDF-30.jpg","datePublished":"2020-09-21T13:19:55+00:00","dateModified":"2020-10-20T17:02:23+00:00","description":"Die Kombination aus kontinuierlicher Innovation und Umwelt ist f\u00fcr uns f\u00fchrend bei der Entwicklung unserer nachhaltigen Kollektionen.","breadcrumb":{"@id":"https:\/\/www.socklab.eu\/de\/produkte\/cradle2cradle\/kollektion-mannern\/#breadcrumb"},"inLanguage":"de","potentialAction":[{"@type":"ReadAction","target":["https:\/\/www.socklab.eu\/de\/produkte\/cradle2cradle\/kollektion-mannern\/"]}]},{"@type":"ImageObject","inLanguage":"de","@id":"https:\/\/www.socklab.eu\/de\/produkte\/cradle2cradle\/kollektion-mannern\/#primaryimage","url":"https:\/\/www.socklab.eu\/wp-content\/uploads\/2020\/06\/2020-06-11_aanpassingen_kk_-VOOR-BF_b_PDF-30.jpg","contentUrl":"https:\/\/www.socklab.eu\/wp-content\/uploads\/2020\/06\/2020-06-11_aanpassingen_kk_-VOOR-BF_b_PDF-30.jpg","width":800,"height":533},{"@type":"BreadcrumbList","@id":"https:\/\/www.socklab.eu\/de\/produkte\/cradle2cradle\/kollektion-mannern\/#breadcrumb","itemListElement":[{"@type":"ListItem","position":1,"name":"Home","item":"https:\/\/www.socklab.eu\/de\/"},{"@type":"ListItem","position":2,"name":"Produkte","item":"https:\/\/www.socklab.eu\/de\/produkte\/"},{"@type":"ListItem","position":3,"name":"Cradle2Cradle","item":"https:\/\/www.socklab.eu\/de\/produkte\/cradle2cradle\/"},{"@type":"ListItem","position":4,"name":"Kollektion M\u00e4nnern"}]},{"@type":"WebSite","@id":"https:\/\/www.socklab.eu\/#website","url":"https:\/\/www.socklab.eu\/","name":"Socklab","description":"Just another WordPress site","potentialAction":[{"@type":"SearchAction","target":{"@type":"EntryPoint","urlTemplate":"https:\/\/www.socklab.eu\/?s={search_term_string}"},"query-input":{"@type":"PropertyValueSpecification","valueRequired":true,"valueName":"search_term_string"}}],"inLanguage":"de"}]}},"_links":{"self":[{"href":"https:\/\/www.socklab.eu\/de\/wp-json\/wp\/v2\/pages\/613"}],"collection":[{"href":"https:\/\/www.socklab.eu\/de\/wp-json\/wp\/v2\/pages"}],"about":[{"href":"https:\/\/www.socklab.eu\/de\/wp-json\/wp\/v2\/types\/page"}],"author":[{"embeddable":true,"href":"https:\/\/www.socklab.eu\/de\/wp-json\/wp\/v2\/users\/1"}],"replies":[{"embeddable":true,"href":"https:\/\/www.socklab.eu\/de\/wp-json\/wp\/v2\/comments?post=613"}],"version-history":[{"count":5,"href":"https:\/\/www.socklab.eu\/de\/wp-json\/wp\/v2\/pages\/613\/revisions"}],"predecessor-version":[{"id":646,"href":"https:\/\/www.socklab.eu\/de\/wp-json\/wp\/v2\/pages\/613\/revisions\/646"}],"up":[{"embeddable":true,"href":"https:\/\/www.socklab.eu\/de\/wp-json\/wp\/v2\/pages\/216"}],"wp:featuredmedia":[{"embeddable":true,"href":"https:\/\/www.socklab.eu\/de\/wp-json\/wp\/v2\/media\/439"}],"wp:attachment":[{"href":"https:\/\/www.socklab.eu\/de\/wp-json\/wp\/v2\/media?parent=613"}],"curies":[{"name":"wp","href":"https:\/\/api.w.org\/{rel}","templated":true}]}}