{"id":216,"date":"2020-04-17T13:57:03","date_gmt":"2020-04-17T13:57:03","guid":{"rendered":"https:\/\/socklab.eu\/?page_id=216"},"modified":"2020-10-20T18:57:10","modified_gmt":"2020-10-20T16:57:10","slug":"cradle2cradle","status":"publish","type":"page","link":"https:\/\/www.socklab.eu\/de\/produkte\/cradle2cradle\/","title":{"rendered":"Cradle2Cradle"},"content":{"rendered":"\n<p>F\u00fcr Cradle to Cradle Certified\u2122 GOLD Socken verwendet Socklab ausschlie\u00dflich biologisches Material, um Mensch und Umwelt zu schonen. Die Rohstoffe werden nach strengen \u00f6kologischen Anforderungen ausgew\u00e4hlt. Die Fasern werden ausgiebig auf Herkunft und Zusammensetzung gepr\u00fcft. Alle Materialien in unseren Socken k\u00f6nnen unbegrenzt wiederverwendet oder harmlos abgebaut werden (kompostierbar).<\/p>\n\n\n\n<p>Unsere Cradle to Cradle Certified\u2122 GOLD Socken kombinieren maximalen Tragekomfort mit einem minimalen \u00f6kologischen Fu\u00dfabdruck. Socken, aus biologischem Material, die wir umweltfreundlich herstellen. Auf diese Weise schaffen wir nicht nur Mehrwert f\u00fcr die Menschen, die sie anziehen, sondern auch f\u00fcr die Menschen, die sie herstellen.<\/p>\n\n\n\n<p>Unsere Socken d\u00fcrfen das Cradle to Cradle GOLD Zertifikat tragen und die Qualit\u00e4t aller Rohstoffe wird von der Environmental Protection Encouragement Agency (EPEA) in Hamburg zertifiziert. Dar\u00fcber hinaus sind unsere Socken nach \u00d6ko-Tex Standard 100 zertifiziert. Das hei\u00dft, sie erf\u00fcllen die einheitliche Norm in Bezug auf Schadstoffe.<\/p>\n","protected":false},"excerpt":{"rendered":"<p>F\u00fcr Cradle to Cradle Certified\u2122 GOLD Socken verwendet Socklab ausschlie\u00dflich biologisches Material, um Mensch und Umwelt zu schonen. Die Rohstoffe werden nach strengen \u00f6kologischen Anforderungen ausgew\u00e4hlt. Die Fasern werden ausgiebig auf Herkunft und Zusammensetzung gepr\u00fcft. Alle Materialien in unseren Socken k\u00f6nnen unbegrenzt wiederverwendet oder harmlos abgebaut werden (kompostierbar). Unsere Cradle to Cradle Certified\u2122 GOLD Socken [&hellip;]<\/p>\n","protected":false},"author":1,"featured_media":385,"parent":202,"menu_order":0,"comment_status":"closed","ping_status":"closed","template":"templates\/page-product.php","meta":{"_acf_changed":false,"_coblocks_attr":"","_coblocks_dimensions":"","_coblocks_responsive_height":"","_coblocks_accordion_ie_support":"","footnotes":""},"class_list":["post-216","page","type-page","status-publish","has-post-thumbnail","hentry"],"acf":[],"yoast_head":"<!-- This site is optimized with the Yoast SEO plugin v23.6 - https:\/\/yoast.com\/wordpress\/plugins\/seo\/ -->\n<title>Socklab | Cradle to Cradle Certified\u2122 GOLD Socken<\/title>\n<meta name=\"description\" content=\"Wir presentieren Ihnen die Welts ehrster Cradle-to-Cradle Socke. Socklab verwendet ausschlie\u00dflich biologisches Material.\" \/>\n<meta name=\"robots\" content=\"index, follow, max-snippet:-1, max-image-preview:large, max-video-preview:-1\" \/>\n<link rel=\"canonical\" href=\"https:\/\/www.socklab.eu\/de\/produkte\/cradle2cradle\/\" \/>\n<meta property=\"og:locale\" content=\"de_DE\" \/>\n<meta property=\"og:type\" content=\"article\" \/>\n<meta property=\"og:title\" content=\"Socklab | Cradle to Cradle Certified\u2122 GOLD Socken\" \/>\n<meta property=\"og:description\" content=\"Wir presentieren Ihnen die Welts ehrster Cradle-to-Cradle Socke. Socklab verwendet ausschlie\u00dflich biologisches Material.\" \/>\n<meta property=\"og:url\" content=\"https:\/\/www.socklab.eu\/de\/produkte\/cradle2cradle\/\" \/>\n<meta property=\"og:site_name\" content=\"Socklab\" \/>\n<meta property=\"article:modified_time\" content=\"2020-10-20T16:57:10+00:00\" \/>\n<meta property=\"og:image\" content=\"https:\/\/www.socklab.eu\/wp-content\/uploads\/2020\/06\/product1-1024x576.jpg\" \/>\n\t<meta property=\"og:image:width\" content=\"1024\" \/>\n\t<meta property=\"og:image:height\" content=\"576\" \/>\n\t<meta property=\"og:image:type\" content=\"image\/jpeg\" \/>\n<meta name=\"twitter:card\" content=\"summary_large_image\" \/>\n<meta name=\"twitter:label1\" content=\"Gesch\u00e4tzte Lesezeit\" \/>\n\t<meta name=\"twitter:data1\" content=\"1\u00a0Minute\" \/>\n<script type=\"application\/ld+json\" class=\"yoast-schema-graph\">{\"@context\":\"https:\/\/schema.org\",\"@graph\":[{\"@type\":\"WebPage\",\"@id\":\"https:\/\/www.socklab.eu\/de\/produkte\/cradle2cradle\/\",\"url\":\"https:\/\/www.socklab.eu\/de\/produkte\/cradle2cradle\/\",\"name\":\"Socklab | Cradle to Cradle Certified\u2122 GOLD Socken\",\"isPartOf\":{\"@id\":\"https:\/\/www.socklab.eu\/#website\"},\"primaryImageOfPage\":{\"@id\":\"https:\/\/www.socklab.eu\/de\/produkte\/cradle2cradle\/#primaryimage\"},\"image\":{\"@id\":\"https:\/\/www.socklab.eu\/de\/produkte\/cradle2cradle\/#primaryimage\"},\"thumbnailUrl\":\"https:\/\/www.socklab.eu\/wp-content\/uploads\/2020\/06\/product1.jpg\",\"datePublished\":\"2020-04-17T13:57:03+00:00\",\"dateModified\":\"2020-10-20T16:57:10+00:00\",\"description\":\"Wir presentieren Ihnen die Welts ehrster Cradle-to-Cradle Socke. Socklab verwendet ausschlie\u00dflich biologisches Material.\",\"breadcrumb\":{\"@id\":\"https:\/\/www.socklab.eu\/de\/produkte\/cradle2cradle\/#breadcrumb\"},\"inLanguage\":\"de\",\"potentialAction\":[{\"@type\":\"ReadAction\",\"target\":[\"https:\/\/www.socklab.eu\/de\/produkte\/cradle2cradle\/\"]}]},{\"@type\":\"ImageObject\",\"inLanguage\":\"de\",\"@id\":\"https:\/\/www.socklab.eu\/de\/produkte\/cradle2cradle\/#primaryimage\",\"url\":\"https:\/\/www.socklab.eu\/wp-content\/uploads\/2020\/06\/product1.jpg\",\"contentUrl\":\"https:\/\/www.socklab.eu\/wp-content\/uploads\/2020\/06\/product1.jpg\",\"width\":2560,\"height\":1440},{\"@type\":\"BreadcrumbList\",\"@id\":\"https:\/\/www.socklab.eu\/de\/produkte\/cradle2cradle\/#breadcrumb\",\"itemListElement\":[{\"@type\":\"ListItem\",\"position\":1,\"name\":\"Home\",\"item\":\"https:\/\/www.socklab.eu\/de\/\"},{\"@type\":\"ListItem\",\"position\":2,\"name\":\"Produkte\",\"item\":\"https:\/\/www.socklab.eu\/de\/produkte\/\"},{\"@type\":\"ListItem\",\"position\":3,\"name\":\"Cradle2Cradle\"}]},{\"@type\":\"WebSite\",\"@id\":\"https:\/\/www.socklab.eu\/#website\",\"url\":\"https:\/\/www.socklab.eu\/\",\"name\":\"Socklab\",\"description\":\"Just another WordPress site\",\"potentialAction\":[{\"@type\":\"SearchAction\",\"target\":{\"@type\":\"EntryPoint\",\"urlTemplate\":\"https:\/\/www.socklab.eu\/?s={search_term_string}\"},\"query-input\":{\"@type\":\"PropertyValueSpecification\",\"valueRequired\":true,\"valueName\":\"search_term_string\"}}],\"inLanguage\":\"de\"}]}<\/script>\n<!-- \/ Yoast SEO plugin. -->","yoast_head_json":{"title":"Socklab | Cradle to Cradle Certified\u2122 GOLD Socken","description":"Wir presentieren Ihnen die Welts ehrster Cradle-to-Cradle Socke. Socklab verwendet ausschlie\u00dflich biologisches Material.","robots":{"index":"index","follow":"follow","max-snippet":"max-snippet:-1","max-image-preview":"max-image-preview:large","max-video-preview":"max-video-preview:-1"},"canonical":"https:\/\/www.socklab.eu\/de\/produkte\/cradle2cradle\/","og_locale":"de_DE","og_type":"article","og_title":"Socklab | Cradle to Cradle Certified\u2122 GOLD Socken","og_description":"Wir presentieren Ihnen die Welts ehrster Cradle-to-Cradle Socke. Socklab verwendet ausschlie\u00dflich biologisches Material.","og_url":"https:\/\/www.socklab.eu\/de\/produkte\/cradle2cradle\/","og_site_name":"Socklab","article_modified_time":"2020-10-20T16:57:10+00:00","og_image":[{"width":1024,"height":576,"url":"https:\/\/www.socklab.eu\/wp-content\/uploads\/2020\/06\/product1-1024x576.jpg","type":"image\/jpeg"}],"twitter_card":"summary_large_image","twitter_misc":{"Gesch\u00e4tzte Lesezeit":"1\u00a0Minute"},"schema":{"@context":"https:\/\/schema.org","@graph":[{"@type":"WebPage","@id":"https:\/\/www.socklab.eu\/de\/produkte\/cradle2cradle\/","url":"https:\/\/www.socklab.eu\/de\/produkte\/cradle2cradle\/","name":"Socklab | Cradle to Cradle Certified\u2122 GOLD Socken","isPartOf":{"@id":"https:\/\/www.socklab.eu\/#website"},"primaryImageOfPage":{"@id":"https:\/\/www.socklab.eu\/de\/produkte\/cradle2cradle\/#primaryimage"},"image":{"@id":"https:\/\/www.socklab.eu\/de\/produkte\/cradle2cradle\/#primaryimage"},"thumbnailUrl":"https:\/\/www.socklab.eu\/wp-content\/uploads\/2020\/06\/product1.jpg","datePublished":"2020-04-17T13:57:03+00:00","dateModified":"2020-10-20T16:57:10+00:00","description":"Wir presentieren Ihnen die Welts ehrster Cradle-to-Cradle Socke. Socklab verwendet ausschlie\u00dflich biologisches Material.","breadcrumb":{"@id":"https:\/\/www.socklab.eu\/de\/produkte\/cradle2cradle\/#breadcrumb"},"inLanguage":"de","potentialAction":[{"@type":"ReadAction","target":["https:\/\/www.socklab.eu\/de\/produkte\/cradle2cradle\/"]}]},{"@type":"ImageObject","inLanguage":"de","@id":"https:\/\/www.socklab.eu\/de\/produkte\/cradle2cradle\/#primaryimage","url":"https:\/\/www.socklab.eu\/wp-content\/uploads\/2020\/06\/product1.jpg","contentUrl":"https:\/\/www.socklab.eu\/wp-content\/uploads\/2020\/06\/product1.jpg","width":2560,"height":1440},{"@type":"BreadcrumbList","@id":"https:\/\/www.socklab.eu\/de\/produkte\/cradle2cradle\/#breadcrumb","itemListElement":[{"@type":"ListItem","position":1,"name":"Home","item":"https:\/\/www.socklab.eu\/de\/"},{"@type":"ListItem","position":2,"name":"Produkte","item":"https:\/\/www.socklab.eu\/de\/produkte\/"},{"@type":"ListItem","position":3,"name":"Cradle2Cradle"}]},{"@type":"WebSite","@id":"https:\/\/www.socklab.eu\/#website","url":"https:\/\/www.socklab.eu\/","name":"Socklab","description":"Just another WordPress site","potentialAction":[{"@type":"SearchAction","target":{"@type":"EntryPoint","urlTemplate":"https:\/\/www.socklab.eu\/?s={search_term_string}"},"query-input":{"@type":"PropertyValueSpecification","valueRequired":true,"valueName":"search_term_string"}}],"inLanguage":"de"}]}},"_links":{"self":[{"href":"https:\/\/www.socklab.eu\/de\/wp-json\/wp\/v2\/pages\/216"}],"collection":[{"href":"https:\/\/www.socklab.eu\/de\/wp-json\/wp\/v2\/pages"}],"about":[{"href":"https:\/\/www.socklab.eu\/de\/wp-json\/wp\/v2\/types\/page"}],"author":[{"embeddable":true,"href":"https:\/\/www.socklab.eu\/de\/wp-json\/wp\/v2\/users\/1"}],"replies":[{"embeddable":true,"href":"https:\/\/www.socklab.eu\/de\/wp-json\/wp\/v2\/comments?post=216"}],"version-history":[{"count":5,"href":"https:\/\/www.socklab.eu\/de\/wp-json\/wp\/v2\/pages\/216\/revisions"}],"predecessor-version":[{"id":673,"href":"https:\/\/www.socklab.eu\/de\/wp-json\/wp\/v2\/pages\/216\/revisions\/673"}],"up":[{"embeddable":true,"href":"https:\/\/www.socklab.eu\/de\/wp-json\/wp\/v2\/pages\/202"}],"wp:featuredmedia":[{"embeddable":true,"href":"https:\/\/www.socklab.eu\/de\/wp-json\/wp\/v2\/media\/385"}],"wp:attachment":[{"href":"https:\/\/www.socklab.eu\/de\/wp-json\/wp\/v2\/media?parent=216"}],"curies":[{"name":"wp","href":"https:\/\/api.w.org\/{rel}","templated":true}]}}