{"id":211,"date":"2020-04-17T13:50:56","date_gmt":"2020-04-17T13:50:56","guid":{"rendered":"https:\/\/socklab.eu\/?page_id=211"},"modified":"2022-08-22T12:17:52","modified_gmt":"2022-08-22T10:17:52","slug":"presseraum","status":"publish","type":"page","link":"https:\/\/www.socklab.eu\/de\/presseraum\/","title":{"rendered":"Presseraum"},"content":{"rendered":"\r\n<h2 class=\"wp-block-heading\">Let\u2019s talk about socks<\/h2>\r\n\r\n\r\n\r\n<p>Wir k\u00f6nnen nicht aufh\u00f6ren, \u00fcber Socken zu reden. Deshalb freuen wir uns, Ihnen mehr \u00fcber unser Produkt zu erz\u00e4hlen. Haben Sie irgendwelche Fragen? Z\u00f6gern Sie nicht und rufen Sie uns unter der Nummer +31 (0) 548 530 400 an. Wenn Sie uns lieber eine E-Mail schicken m\u00f6chten, schicken Sie diese bitte an <a href=\"mailto:info@socklab.eu\">info@socklab.eu<\/a>.<\/p>\r\n\r\n\r\n\r\n<h3 class=\"wp-block-heading\">Eine Tasse Kaffee?<\/h3>\r\n\r\n\r\n\r\n<p>Sie sind in unserem Ausstellungsraum herzlich willkommen. Hier k\u00f6nnen Sie uns finden:<\/p>\r\n\r\n\r\n\r\n<p>Van den Bergsweg 37<br \/>7442 CK Nijverdal (die Niederlande)<\/p>\r\n\r\n\r\n\r\n<p>&nbsp;<\/p>\r\n\r\n\r\n\r\n<h2 class=\"wp-block-heading\">Immer auf dem neuesten Stand<\/h2>\r\n\r\n\r\n\r\n<p>M\u00f6chten Sie \u00fcber Socklab und unsere Produkte auf dem Laufenden gehalten werden? Melden Sie sich dann unter <a href=\"mailto:info@socklab.eu\">info@socklab.eu<\/a>\u00a0an und seien Sie bei den Pressemitteilungen und Neuigkeiten ganz vorne dabei.<\/p>\r\n\r\n\r\n\r\n<ul class=\"wp-block-list\">\r\n<li>Pressemitteilungen herunterladen<\/li>\r\n<li><a href=\"https:\/\/www.socklab.eu\/wp-content\/uploads\/2020\/04\/socklab-logo.zip\" target=\"_blank\" rel=\"noreferrer noopener\" aria-label=\"undefined (opens in a new tab)\">Logos<\/a> und Fotos herunterladen<\/li>\r\n<\/ul>\r\n\r\n\r\n\r\n<h2 class=\"wp-block-heading\">Aktuel<\/h2>\r\n\r\n\r\n\r\n<p><strong>Meet<\/strong>\u00a0<strong>SOCKLAB<sup>\u00ae<\/sup>\u00a0at the Circular Textile Days \u2013 September 13 &amp; 14, 2022<\/strong><\/p>\r\n<p>Visit our booth on September 13 and 14 at the 2nd edition of the Circular Textile Days at 1931 Congress Centre, \u2018s-Hertogenbosch and meet the world\u2019s first 100% biodegradable, Cradle to Cradle Certified\u2122 Gold sock.<\/p>\r\n<p>SOCKLAB<sup>\u00ae<\/sup>\u00a0combines maximum comfort for the wearer with a minimal ecological footprint. The socks are made entirely from organic materials, processed using renewable energy. All raw materials in the production chain are healthy for people and the planet. They also meet strict ecological requirements. These socks are not only good for the people who put them on, but also for the people who made them. And so the circle is complete again.<\/p>\r\n<p>Together with peers from the textile industry we share knowledge and combine forces to move the transition to a more circulair industry and create a sustainable future.<\/p>\r\n<p>Check out the website for more information, opening hours, program, speakers and peer exhibitors:\u00a0\u00a0<a href=\"https:\/\/www.circulartextiledays.com\/index-home.html\">https:\/\/www.circulartextiledays.com\/index-home.html<\/a><\/p>\r\n","protected":false},"excerpt":{"rendered":"<p>Let\u2019s talk about socks Wir k\u00f6nnen nicht aufh\u00f6ren, \u00fcber Socken zu reden. Deshalb freuen wir uns, Ihnen mehr \u00fcber unser Produkt zu erz\u00e4hlen. Haben Sie irgendwelche Fragen? Z\u00f6gern Sie nicht und rufen Sie uns unter der Nummer +31 (0) 548 530 400 an. Wenn Sie uns lieber eine E-Mail schicken m\u00f6chten, schicken Sie diese bitte [&hellip;]<\/p>\n","protected":false},"author":1,"featured_media":442,"parent":0,"menu_order":0,"comment_status":"closed","ping_status":"closed","template":"","meta":{"_acf_changed":false,"_coblocks_attr":"","_coblocks_dimensions":"","_coblocks_responsive_height":"","_coblocks_accordion_ie_support":"","footnotes":""},"class_list":["post-211","page","type-page","status-publish","has-post-thumbnail","hentry"],"acf":[],"yoast_head":"<!-- This site is optimized with the Yoast SEO plugin v23.6 - https:\/\/yoast.com\/wordpress\/plugins\/seo\/ -->\n<title>Socklab | Z\u00f6gern Sie nicht und rufen Sie uns unter +31 (0) 548 530 400 an<\/title>\n<meta name=\"description\" content=\"Wir k\u00f6nnen nicht aufh\u00f6ren, \u00fcber Socken zu reden. Deshalb freuen wir uns, Ihnen mehr \u00fcber unser Produkt zu erz\u00e4hlen.\" \/>\n<meta name=\"robots\" content=\"index, follow, max-snippet:-1, max-image-preview:large, max-video-preview:-1\" \/>\n<link rel=\"canonical\" href=\"https:\/\/www.socklab.eu\/de\/presseraum\/\" \/>\n<meta property=\"og:locale\" content=\"de_DE\" \/>\n<meta property=\"og:type\" content=\"article\" \/>\n<meta property=\"og:title\" content=\"Socklab | Z\u00f6gern Sie nicht und rufen Sie uns unter +31 (0) 548 530 400 an\" \/>\n<meta property=\"og:description\" content=\"Wir k\u00f6nnen nicht aufh\u00f6ren, \u00fcber Socken zu reden. Deshalb freuen wir uns, Ihnen mehr \u00fcber unser Produkt zu erz\u00e4hlen.\" \/>\n<meta property=\"og:url\" content=\"https:\/\/www.socklab.eu\/de\/presseraum\/\" \/>\n<meta property=\"og:site_name\" content=\"Socklab\" \/>\n<meta property=\"article:modified_time\" content=\"2022-08-22T10:17:52+00:00\" \/>\n<meta property=\"og:image\" content=\"https:\/\/www.socklab.eu\/wp-content\/uploads\/2020\/06\/2020-06-11_aanpassingen_kk_-VOOR-BF_b_PDF-36-scaled.jpg\" \/>\n\t<meta property=\"og:image:width\" content=\"2560\" \/>\n\t<meta property=\"og:image:height\" content=\"1440\" \/>\n\t<meta property=\"og:image:type\" content=\"image\/jpeg\" \/>\n<meta name=\"twitter:card\" content=\"summary_large_image\" \/>\n<meta name=\"twitter:label1\" content=\"Gesch\u00e4tzte Lesezeit\" \/>\n\t<meta name=\"twitter:data1\" content=\"2\u00a0Minuten\" \/>\n<script type=\"application\/ld+json\" class=\"yoast-schema-graph\">{\"@context\":\"https:\/\/schema.org\",\"@graph\":[{\"@type\":\"WebPage\",\"@id\":\"https:\/\/www.socklab.eu\/de\/presseraum\/\",\"url\":\"https:\/\/www.socklab.eu\/de\/presseraum\/\",\"name\":\"Socklab | Z\u00f6gern Sie nicht und rufen Sie uns unter +31 (0) 548 530 400 an\",\"isPartOf\":{\"@id\":\"https:\/\/www.socklab.eu\/#website\"},\"primaryImageOfPage\":{\"@id\":\"https:\/\/www.socklab.eu\/de\/presseraum\/#primaryimage\"},\"image\":{\"@id\":\"https:\/\/www.socklab.eu\/de\/presseraum\/#primaryimage\"},\"thumbnailUrl\":\"https:\/\/www.socklab.eu\/wp-content\/uploads\/2020\/06\/2020-06-11_aanpassingen_kk_-VOOR-BF_b_PDF-36-scaled.jpg\",\"datePublished\":\"2020-04-17T13:50:56+00:00\",\"dateModified\":\"2022-08-22T10:17:52+00:00\",\"description\":\"Wir k\u00f6nnen nicht aufh\u00f6ren, \u00fcber Socken zu reden. Deshalb freuen wir uns, Ihnen mehr \u00fcber unser Produkt zu erz\u00e4hlen.\",\"breadcrumb\":{\"@id\":\"https:\/\/www.socklab.eu\/de\/presseraum\/#breadcrumb\"},\"inLanguage\":\"de\",\"potentialAction\":[{\"@type\":\"ReadAction\",\"target\":[\"https:\/\/www.socklab.eu\/de\/presseraum\/\"]}]},{\"@type\":\"ImageObject\",\"inLanguage\":\"de\",\"@id\":\"https:\/\/www.socklab.eu\/de\/presseraum\/#primaryimage\",\"url\":\"https:\/\/www.socklab.eu\/wp-content\/uploads\/2020\/06\/2020-06-11_aanpassingen_kk_-VOOR-BF_b_PDF-36-scaled.jpg\",\"contentUrl\":\"https:\/\/www.socklab.eu\/wp-content\/uploads\/2020\/06\/2020-06-11_aanpassingen_kk_-VOOR-BF_b_PDF-36-scaled.jpg\",\"width\":2560,\"height\":1440},{\"@type\":\"BreadcrumbList\",\"@id\":\"https:\/\/www.socklab.eu\/de\/presseraum\/#breadcrumb\",\"itemListElement\":[{\"@type\":\"ListItem\",\"position\":1,\"name\":\"Home\",\"item\":\"https:\/\/www.socklab.eu\/de\/\"},{\"@type\":\"ListItem\",\"position\":2,\"name\":\"Presseraum\"}]},{\"@type\":\"WebSite\",\"@id\":\"https:\/\/www.socklab.eu\/#website\",\"url\":\"https:\/\/www.socklab.eu\/\",\"name\":\"Socklab\",\"description\":\"Just another WordPress site\",\"potentialAction\":[{\"@type\":\"SearchAction\",\"target\":{\"@type\":\"EntryPoint\",\"urlTemplate\":\"https:\/\/www.socklab.eu\/?s={search_term_string}\"},\"query-input\":{\"@type\":\"PropertyValueSpecification\",\"valueRequired\":true,\"valueName\":\"search_term_string\"}}],\"inLanguage\":\"de\"}]}<\/script>\n<!-- \/ Yoast SEO plugin. -->","yoast_head_json":{"title":"Socklab | Z\u00f6gern Sie nicht und rufen Sie uns unter +31 (0) 548 530 400 an","description":"Wir k\u00f6nnen nicht aufh\u00f6ren, \u00fcber Socken zu reden. Deshalb freuen wir uns, Ihnen mehr \u00fcber unser Produkt zu erz\u00e4hlen.","robots":{"index":"index","follow":"follow","max-snippet":"max-snippet:-1","max-image-preview":"max-image-preview:large","max-video-preview":"max-video-preview:-1"},"canonical":"https:\/\/www.socklab.eu\/de\/presseraum\/","og_locale":"de_DE","og_type":"article","og_title":"Socklab | Z\u00f6gern Sie nicht und rufen Sie uns unter +31 (0) 548 530 400 an","og_description":"Wir k\u00f6nnen nicht aufh\u00f6ren, \u00fcber Socken zu reden. Deshalb freuen wir uns, Ihnen mehr \u00fcber unser Produkt zu erz\u00e4hlen.","og_url":"https:\/\/www.socklab.eu\/de\/presseraum\/","og_site_name":"Socklab","article_modified_time":"2022-08-22T10:17:52+00:00","og_image":[{"width":2560,"height":1440,"url":"https:\/\/www.socklab.eu\/wp-content\/uploads\/2020\/06\/2020-06-11_aanpassingen_kk_-VOOR-BF_b_PDF-36-scaled.jpg","type":"image\/jpeg"}],"twitter_card":"summary_large_image","twitter_misc":{"Gesch\u00e4tzte Lesezeit":"2\u00a0Minuten"},"schema":{"@context":"https:\/\/schema.org","@graph":[{"@type":"WebPage","@id":"https:\/\/www.socklab.eu\/de\/presseraum\/","url":"https:\/\/www.socklab.eu\/de\/presseraum\/","name":"Socklab | Z\u00f6gern Sie nicht und rufen Sie uns unter +31 (0) 548 530 400 an","isPartOf":{"@id":"https:\/\/www.socklab.eu\/#website"},"primaryImageOfPage":{"@id":"https:\/\/www.socklab.eu\/de\/presseraum\/#primaryimage"},"image":{"@id":"https:\/\/www.socklab.eu\/de\/presseraum\/#primaryimage"},"thumbnailUrl":"https:\/\/www.socklab.eu\/wp-content\/uploads\/2020\/06\/2020-06-11_aanpassingen_kk_-VOOR-BF_b_PDF-36-scaled.jpg","datePublished":"2020-04-17T13:50:56+00:00","dateModified":"2022-08-22T10:17:52+00:00","description":"Wir k\u00f6nnen nicht aufh\u00f6ren, \u00fcber Socken zu reden. Deshalb freuen wir uns, Ihnen mehr \u00fcber unser Produkt zu erz\u00e4hlen.","breadcrumb":{"@id":"https:\/\/www.socklab.eu\/de\/presseraum\/#breadcrumb"},"inLanguage":"de","potentialAction":[{"@type":"ReadAction","target":["https:\/\/www.socklab.eu\/de\/presseraum\/"]}]},{"@type":"ImageObject","inLanguage":"de","@id":"https:\/\/www.socklab.eu\/de\/presseraum\/#primaryimage","url":"https:\/\/www.socklab.eu\/wp-content\/uploads\/2020\/06\/2020-06-11_aanpassingen_kk_-VOOR-BF_b_PDF-36-scaled.jpg","contentUrl":"https:\/\/www.socklab.eu\/wp-content\/uploads\/2020\/06\/2020-06-11_aanpassingen_kk_-VOOR-BF_b_PDF-36-scaled.jpg","width":2560,"height":1440},{"@type":"BreadcrumbList","@id":"https:\/\/www.socklab.eu\/de\/presseraum\/#breadcrumb","itemListElement":[{"@type":"ListItem","position":1,"name":"Home","item":"https:\/\/www.socklab.eu\/de\/"},{"@type":"ListItem","position":2,"name":"Presseraum"}]},{"@type":"WebSite","@id":"https:\/\/www.socklab.eu\/#website","url":"https:\/\/www.socklab.eu\/","name":"Socklab","description":"Just another WordPress site","potentialAction":[{"@type":"SearchAction","target":{"@type":"EntryPoint","urlTemplate":"https:\/\/www.socklab.eu\/?s={search_term_string}"},"query-input":{"@type":"PropertyValueSpecification","valueRequired":true,"valueName":"search_term_string"}}],"inLanguage":"de"}]}},"_links":{"self":[{"href":"https:\/\/www.socklab.eu\/de\/wp-json\/wp\/v2\/pages\/211"}],"collection":[{"href":"https:\/\/www.socklab.eu\/de\/wp-json\/wp\/v2\/pages"}],"about":[{"href":"https:\/\/www.socklab.eu\/de\/wp-json\/wp\/v2\/types\/page"}],"author":[{"embeddable":true,"href":"https:\/\/www.socklab.eu\/de\/wp-json\/wp\/v2\/users\/1"}],"replies":[{"embeddable":true,"href":"https:\/\/www.socklab.eu\/de\/wp-json\/wp\/v2\/comments?post=211"}],"version-history":[{"count":5,"href":"https:\/\/www.socklab.eu\/de\/wp-json\/wp\/v2\/pages\/211\/revisions"}],"predecessor-version":[{"id":837,"href":"https:\/\/www.socklab.eu\/de\/wp-json\/wp\/v2\/pages\/211\/revisions\/837"}],"wp:featuredmedia":[{"embeddable":true,"href":"https:\/\/www.socklab.eu\/de\/wp-json\/wp\/v2\/media\/442"}],"wp:attachment":[{"href":"https:\/\/www.socklab.eu\/de\/wp-json\/wp\/v2\/media?parent=211"}],"curies":[{"name":"wp","href":"https:\/\/api.w.org\/{rel}","templated":true}]}}