{"id":209,"date":"2020-04-17T13:49:10","date_gmt":"2020-04-17T13:49:10","guid":{"rendered":"https:\/\/socklab.eu\/?page_id=209"},"modified":"2023-02-01T12:16:22","modified_gmt":"2023-02-01T11:16:22","slug":"faq","status":"publish","type":"page","link":"https:\/\/www.socklab.eu\/de\/faq\/","title":{"rendered":"FAQ"},"content":{"rendered":"\r\n<h2 class=\"wp-block-heading\">\u00dcber Socklab<\/h2>\r\n\r\n\r\n\r\n<div class=\"wp-block-coblocks-accordion\">\r\n<div class=\"wp-block-coblocks-accordion-item\"><details>\r\n<summary class=\"wp-block-coblocks-accordion-item__title\">Was ist Socklab?<\/summary>\r\n<div class=\"wp-block-coblocks-accordion-item__content\">\r\n<p>Socklab ist Teil von Interloop, dem weltgr\u00f6\u00dften Sockenhersteller. Interloop hat seinen Sitz in Pakistan und schreibt die soziale Verantwortung der Unternehmen ganz gro\u00df.<\/p>\r\n<\/div>\r\n<\/details><\/div>\r\n\r\n\r\n\r\n<div class=\"wp-block-coblocks-accordion-item\"><details>\r\n<summary class=\"wp-block-coblocks-accordion-item__title\">Wo hat Socklab seinen Sitz?<\/summary>\r\n<div class=\"wp-block-coblocks-accordion-item__content\">\r\n<p>Socklab befindet sich am Van den Bergsweg 37, 7442 CK in Nijverdal (Overijssel, Niederlande). Von diesem Standort aus arbeiten wir an Produktentwicklung, Design, Marketing und Vertrieb.<\/p>\r\n<\/div>\r\n<\/details><\/div>\r\n\r\n\r\n\r\n<div class=\"wp-block-coblocks-accordion-item\"><details>\r\n<summary class=\"wp-block-coblocks-accordion-item__title\">Wo werden eure Socken hergestellt?<\/summary>\r\n<div class=\"wp-block-coblocks-accordion-item__content\">\r\n<p>Die Socklab-Socken werden in den Fabriken von Interloop in Pakistan hergestellt. Unsere Produktionssysteme und -prozesse erf\u00fcllen die strengsten \u00f6kologischen Standards mit Respekt f\u00fcr Mensch und Umwelt. Lesen Sie hier mehr \u00fcber den Produktionsprozess.<\/p>\r\n<\/div>\r\n<\/details><\/div>\r\n\r\n\r\n\r\n<div class=\"wp-block-coblocks-accordion-item\"><details>\r\n<summary class=\"wp-block-coblocks-accordion-item__title\">Wof\u00fcr steht Socklab?<\/summary>\r\n<div class=\"wp-block-coblocks-accordion-item__content\">\r\n<p>Wir finden, dass die von uns getragenen Socken besser sein k\u00f6nnten. Von besserer Qualit\u00e4t, besser f\u00fcr unsere F\u00fc\u00dfe und besser f\u00fcr Mensch und Umwelt. Wir glauben an kontinuierliche Innovation und sind tonangebend, wenn es um Nachhaltigkeit geht. Unsere \u201eCradle to Cradle Certified\u2122 GOLD\u201c-Socke kombiniert maximalen Tragekomfort mit einem minimalen \u00f6kologischen Fu\u00dfabdruck.<\/p>\r\n<\/div>\r\n<\/details><\/div>\r\n\r\n\r\n\r\n<div class=\"wp-block-coblocks-accordion-item\"><details>\r\n<summary class=\"wp-block-coblocks-accordion-item__title\">Was f\u00fcr Socken stellt ihr her?<\/summary>\r\n<div class=\"wp-block-coblocks-accordion-item__content\">\r\n<p>Socklab ist der weltweit erste Hersteller von \u201eCradle to Cradle Certified\u2122 GOLD\u201c-Socken. Lesen Sie hier mehr \u00fcber unsere Cradle-to-Cradle-Socken.<\/p>\r\n<\/div>\r\n<\/details><\/div>\r\n\r\n\r\n\r\n<div class=\"wp-block-coblocks-accordion-item\"><details>\r\n<summary class=\"wp-block-coblocks-accordion-item__title\">Was tut ihr f\u00fcr die Umwelt?<\/summary>\r\n<div class=\"wp-block-coblocks-accordion-item__content\">\r\n<p>Die Socklab-Socken werden in den Fabriken von Interloop in Pakistan hergestellt. Unsere Produktionssysteme und -prozesse erf\u00fcllen die strengsten \u00f6kologischen Standards mit Respekt f\u00fcr Mensch und Umwelt. Wir betrachten die Natur \u2013 wo Abfall Nahrung ist \u2013 als Vorbild. Das hei\u00dft, dass alle Produkte am Ende ihrer Lebensdauer in den Kreislauf von Produktion, Konsum und Erneuerung zur\u00fcckkehren.<\/p>\r\n<\/div>\r\n<\/details><\/div>\r\n\r\n\r\n\r\n<div class=\"wp-block-coblocks-accordion-item\"><details>\r\n<summary class=\"wp-block-coblocks-accordion-item__title\">Wo kann ich eure Socken kaufen?<\/summary>\r\n<div class=\"wp-block-coblocks-accordion-item__content\">\r\n<p>Die \u201eCradle to Cradle Certified\u2122 GOLD\u201c-Socken werden im Webshop zum Verkauf angeboten. Au\u00dferdem werden unsere Socken als Eigenmarken oder \u00fcber Einzelhandelskan\u00e4le verkauft.<\/p>\r\n<\/div>\r\n<\/details><\/div>\r\n\r\n\r\n\r\n<div class=\"wp-block-coblocks-accordion-item\"><details>\r\n<summary class=\"wp-block-coblocks-accordion-item__title\">Woran erkenne ich eure Socken?<\/summary>\r\n<div class=\"wp-block-coblocks-accordion-item__content\">\r\n<p>Unsere Socken sind immer am Socklab-Logo zu erkennen.<\/p>\r\n<\/div>\r\n<\/details><\/div>\r\n<\/div>\r\n\r\n\r\n\r\n<h2 class=\"wp-block-heading\">CRADLE TO CRADLE CERTIFIED\u2122 GOLD<\/h2>\r\n\r\n\r\n\r\n<h3 class=\"wp-block-heading\">\u00dcber den Produktionsprozess der \u201eCradle to Cradle Certified\u2122 GOLD\u201c-Socken<\/h3>\r\n\r\n\r\n\r\n<div class=\"wp-block-coblocks-accordion\">\r\n<div class=\"wp-block-coblocks-accordion-item\"><details>\r\n<summary class=\"wp-block-coblocks-accordion-item__title\">Wo werden die \u201eCradle to Cradle Certified\u2122 GOLD\u201c-Socken hergestellt?<\/summary>\r\n<div class=\"wp-block-coblocks-accordion-item__content\">\r\n<p>Die \u201eCradle to Cradle Certified\u2122 GOLD\u201c-Socken werden in den Fabriken von Interloop in Pakistan hergestellt. Unsere Produktionssysteme und -prozesse erf\u00fcllen die strengsten \u00f6kologischen Standards mit Respekt f\u00fcr Mensch und Umwelt.<\/p>\r\n<\/div>\r\n<\/details><\/div>\r\n\r\n\r\n\r\n<div class=\"wp-block-coblocks-accordion-item\"><details>\r\n<summary class=\"wp-block-coblocks-accordion-item__title\">Woraus bestehen die \u201eCradle to Cradle Certified\u2122 GOLD\u201c-Socken?<\/summary>\r\n<div class=\"wp-block-coblocks-accordion-item__content\">\r\n<p>F\u00fcr die \u201eCradle to Cradle Certified\u2122 GOLD\u201c-Socken verwendet Socklab ausschlie\u00dflich biologische Materialien mit Respekt f\u00fcr Mensch und Umwelt. Die Rohstoffe werden auf der Grundlage strenger \u00f6kologischer Anforderungen ausgew\u00e4hlt. Die Fasern werden im Vorfeld ausgiebig auf Herkunft und Zusammensetzung getestet. Alle Materialien in unseren Socken k\u00f6nnen unbegrenzt wiederverwendet oder unsch\u00e4dlich abgebaut werden (kompostierbar).<\/p>\r\n<\/div>\r\n<\/details><\/div>\r\n\r\n\r\n\r\n<div class=\"wp-block-coblocks-accordion-item\"><details>\r\n<summary class=\"wp-block-coblocks-accordion-item__title\">Wie werden die \u201eCradle to Cradle Certified\u2122 GOLD\u201c-Socken hergestellt?<\/summary>\r\n<div class=\"wp-block-coblocks-accordion-item__content\">\r\n<p>Das Prinzip von Cradle to Cradle Certified\u2122 GOLD bedeutet, dass sowohl die Materialien als auch der Produktionsprozess nachhaltig sind. Die Produktionsprozesse in Pakistan sind umweltfreundlich. Wir arbeiten in der gesamten Produktionskette unter guten Arbeitsbedingungen. Gemeinsam mit unseren Zulieferern streben wir danach, unlautere Praktiken zu beseitigen.<\/p>\r\n<\/div>\r\n<\/details><\/div>\r\n\r\n\r\n\r\n<div class=\"wp-block-coblocks-accordion-item\"><details>\r\n<summary class=\"wp-block-coblocks-accordion-item__title\">Wie viel Wasser und Energie verbraucht die Herstellung der \u201eCradle to Cradle Certified\u2122 GOLD\u201c-Socken?<\/summary>\r\n<div class=\"wp-block-coblocks-accordion-item__content\">\r\n<p>W\u00e4hrend des gesamten Produktionsprozesses bestehend aus Spinnen, Weben und Verarbeiten wird 50 Prozent der Energie wiederverwendet. Beim F\u00e4rben von Socken liegt der Anteil an erneuerbaren Energien sogar bei 90 Prozent.<\/p>\r\n<\/div>\r\n<\/details><\/div>\r\n\r\n\r\n\r\n<div class=\"wp-block-coblocks-accordion-item\"><details>\r\n<summary class=\"wp-block-coblocks-accordion-item__title\">Welche Farbe verwendet Socklab f\u00fcr die \u201eCradle to Cradle Certified\u2122 GOLD\u201c-Socken?<\/summary>\r\n<div class=\"wp-block-coblocks-accordion-item__content\">\r\n<p>Nur 16 der 1.600 m\u00f6glichen Farbtypen erf\u00fcllen die strengen Anforderungen von Socklab. Alle beim F\u00e4rben verwendeten Pigmente werden in \u00dcbereinstimmung mit ihren Regenerationsprofilen ausgew\u00e4hlt.<\/p>\r\n<\/div>\r\n<\/details><\/div>\r\n\r\n\r\n\r\n<div class=\"wp-block-coblocks-accordion-item\"><details>\r\n<summary class=\"wp-block-coblocks-accordion-item__title\">Was bedeutet Cradle to Cradle?<\/summary>\r\n<div class=\"wp-block-coblocks-accordion-item__content\">\r\n<p>W\u00f6rtlich bedeutet es \u201evon Wiege zu Wiege\u201c. Nach dem Cradle-to-Cradle-Prinzip sind alle Rohstoffe und Materialien, die wir f\u00fcr unsere Socken verwenden, vollst\u00e4ndig und unendlich wiederverwendbar, ohne dabei an Wert zu verlieren.<\/p>\r\n<\/div>\r\n<\/details><\/div>\r\n\r\n\r\n\r\n<div class=\"wp-block-coblocks-accordion-item\"><details>\r\n<summary class=\"wp-block-coblocks-accordion-item__title\">Wie garantiert ihr die Qualit\u00e4t der in \u201eCradle to Cradle Certified\u2122 GOLD\u201c-Socken verwendeten Materialien?<\/summary>\r\n<div class=\"wp-block-coblocks-accordion-item__content\">\r\n<p>Die Qualit\u00e4t aller Rohstoffe ist von der Environmental Protection Encouragement Agency (EPEA) in Hamburg zertifiziert.<\/p>\r\n<\/div>\r\n<\/details><\/div>\r\n\r\n\r\n\r\n<div class=\"wp-block-coblocks-accordion-item\"><details>\r\n<summary class=\"wp-block-coblocks-accordion-item__title\">Haben eure \u201eCradle to Cradle Certified\u2122 GOLD\u201c-Socken G\u00fctezeichen?<\/summary>\r\n<div class=\"wp-block-coblocks-accordion-item__content\">\r\n<p>Die Socken von Socklab haben das \u201eCradle to Cradle Certified\u2122 GOLD\u201c-Zertifikat. Dar\u00fcber hinaus sind unsere Socken Oeko-Tex-zertifiziert. Das bedeutet, dass sie dem einheitlichen Standard in Bezug auf Schadstoffe entsprechen. Lesen Sie hier mehr \u00fcber die G\u00fctezeichen, die unsere Socken tragen.<\/p>\r\n<\/div>\r\n<\/details><\/div>\r\n<\/div>\r\n\r\n\r\n\r\n<h2 class=\"wp-block-heading\">\u00dcber die G\u00fctezeichen<\/h2>\r\n\r\n\r\n\r\n<div class=\"wp-block-coblocks-accordion\">\r\n<div class=\"wp-block-coblocks-accordion-item\"><details>\r\n<summary class=\"wp-block-coblocks-accordion-item__title\">Sind eure \u201eCradle to Cradle Certified\u2122 GOLD\u201c-Socken zertifiziert?<\/summary>\r\n<div class=\"wp-block-coblocks-accordion-item__content\">\r\n<p>Die Socken von Socklab haben das \u201eCradle to Cradle GOLD\u201c-Zertifikat. Dar\u00fcber hinaus sind unsere Socken Oeko-Tex-zertifiziert. Das bedeutet, dass sie dem einheitlichen Standard in Bezug auf Schadstoffe entsprechen. Lesen Sie hier mehr \u00fcber die G\u00fctezeichen, die unsere Socken tragen.<\/p>\r\n<\/div>\r\n<\/details><\/div>\r\n\r\n\r\n\r\n<div class=\"wp-block-coblocks-accordion-item\"><details>\r\n<summary class=\"wp-block-coblocks-accordion-item__title\">Was bedeutet das \u201eCradle to Cradle Certified\u2122 GOLD\u201c-Zertifikat?<\/summary>\r\n<div class=\"wp-block-coblocks-accordion-item__content\">\r\n<p>Das \u201eCradle to Cradle Certified\u2122 GOLD\u201c-Logo bedeutet, dass die Qualit\u00e4t bez\u00fcglich Materialauswahl, Wiederverwendung, Produktionsprozess und Auswirkungen auf Mensch und Umwelt gew\u00e4hrleistet ist. Es gibt f\u00fcnf Stufen der Produktzertifizierung: Basic, Bronze, Silver, Gold und Platinum.<\/p>\r\n<\/div>\r\n<\/details><\/div>\r\n\r\n\r\n\r\n<div class=\"wp-block-coblocks-accordion-item\"><details>\r\n<summary class=\"wp-block-coblocks-accordion-item__title\">Was ist Oeko-Tex?<\/summary>\r\n<div class=\"wp-block-coblocks-accordion-item__content\">\r\n<p>Oeko-Tex ist ein Pr\u00fcf- und Zertifizierungssystem f\u00fcr Textilien. Der Standard konzentriert sich auf die Beschr\u00e4nkung der Verwendung von Schadstoffen in Bezug auf die Gesundheit des Endverbrauchers.<\/p>\r\n<\/div>\r\n<\/details><\/div>\r\n<\/div>\r\n\r\n\r\n\r\n<h2 class=\"wp-block-heading\">\u00dcber die \u201eCradle to Cradle Certified\u2122 GOLD\u201c-Socken von Socklab<\/h2>\r\n\r\n\r\n\r\n<div class=\"wp-block-coblocks-accordion\">\r\n<div class=\"wp-block-coblocks-accordion-item\"><details>\r\n<summary class=\"wp-block-coblocks-accordion-item__title\">Was macht die \u201eCradle to Cradle Certified\u2122 GOLD\u201c-Socken von Socklab so besonders?<\/summary>\r\n<div class=\"wp-block-coblocks-accordion-item__content\">\r\n<p>Socklab-Socken sind die ersten \u201eCradle to Cradle Certified\u2122 GOLD\u201c-Socken der Welt. Unsere Socken sind zu 100 % kompostierbar, ohne die Umwelt zu belasten.<\/p>\r\n<\/div>\r\n<\/details><\/div>\r\n\r\n\r\n\r\n<div class=\"wp-block-coblocks-accordion-item\"><details>\r\n<summary class=\"wp-block-coblocks-accordion-item__title\">Was ist Cradle to Cradle?<\/summary>\r\n<div class=\"wp-block-coblocks-accordion-item__content\">\r\n<p>Nach dem Cradle-to-Cradle-Prinzip sind alle Rohstoffe und Materialien, die wir f\u00fcr unsere Socken verwenden, vollst\u00e4ndig und unendlich wiederverwendbar, ohne dabei an Wert zu verlieren.<\/p>\r\n<\/div>\r\n<\/details><\/div>\r\n\r\n\r\n\r\n<div class=\"wp-block-coblocks-accordion-item\"><details>\r\n<summary class=\"wp-block-coblocks-accordion-item__title\">Aus welchen Materialien werden die \u201eCradle to Cradle Certified\u2122 GOLD\u201c-Socken hergestellt?<\/summary>\r\n<div class=\"wp-block-coblocks-accordion-item__content\">\r\n<p>Socklab verwendet ausschlie\u00dflich biologische Materialien. Die Rohstoffe werden auf der Grundlage strenger \u00f6kologischer Anforderungen ausgew\u00e4hlt. Die Fasern werden im Vorfeld ausgiebig auf Herkunft und Zusammensetzung getestet.<\/p>\r\n<\/div>\r\n<\/details><\/div>\r\n\r\n\r\n\r\n<div class=\"wp-block-coblocks-accordion-item\"><details>\r\n<summary class=\"wp-block-coblocks-accordion-item__title\">Wie garantiert ihr die Qualit\u00e4t der verwendeten Materialien?<\/summary>\r\n<div class=\"wp-block-coblocks-accordion-item__content\">\r\n<p>Die Qualit\u00e4t aller Rohstoffe, Gewebe, Energieformen und Produktionsprozesse wird von der Environmental Protection Encouragement Agency (EPEA) in Hamburg zertifiziert.<\/p>\r\n<\/div>\r\n<\/details><\/div>\r\n\r\n\r\n\r\n<div class=\"wp-block-coblocks-accordion-item\"><details>\r\n<summary class=\"wp-block-coblocks-accordion-item__title\">Wie ist die Qualit\u00e4t der Socken?<\/summary>\r\n<div class=\"wp-block-coblocks-accordion-item__content\">\r\n<p>Die \u201eCradle to Cradle Certified\u2122 GOLD\u201c-Socken von Socklab sind bekannt f\u00fcr ihre hohe Qualit\u00e4t und lange Lebensdauer.<\/p>\r\n<\/div>\r\n<\/details><\/div>\r\n\r\n\r\n\r\n<div class=\"wp-block-coblocks-accordion-item\"><details>\r\n<summary class=\"wp-block-coblocks-accordion-item__title\">In welchen Farben kann ich eure Socken kaufen?<\/summary>\r\n<div class=\"wp-block-coblocks-accordion-item__content\">\r\n<p>\u2026 [weitere Informationen]<\/p>\r\n<\/div>\r\n<\/details><\/div>\r\n<\/div>\r\n\r\n\r\n\r\n<h2 class=\"wp-block-heading\">Arbeitsbedingungen<\/h2>\r\n\r\n\r\n\r\n<div class=\"wp-block-coblocks-accordion\">\r\n<div class=\"wp-block-coblocks-accordion-item\"><details>\r\n<summary class=\"wp-block-coblocks-accordion-item__title\">Wie gew\u00e4hrleistet ihr die guten Arbeitsbedingungen in den Fabriken?<\/summary>\r\n<div class=\"wp-block-coblocks-accordion-item__content\">\r\n<p>Wir \u00fcberwachen kontinuierlich die Bedingungen in unseren Fabriken. Auf der Grundlage des Verhaltenskodex (basierend auf der ILO-Konvention und der Allgemeinen Erkl\u00e4rung der Menschenrechte der Vereinten Nationen) nehmen wir unsere Verantwortung f\u00fcr faire soziale Bedingungen und Arbeitsbedingungen Schritt f\u00fcr Schritt wahr.<\/p>\r\n<\/div>\r\n<\/details><\/div>\r\n\r\n\r\n\r\n<div class=\"wp-block-coblocks-accordion-item\"><details>\r\n<summary class=\"wp-block-coblocks-accordion-item__title\">Wie gew\u00e4hrleistet ihr die guten Arbeitsbedingungen bei euren Zulieferern?<\/summary>\r\n<div class=\"wp-block-coblocks-accordion-item__content\">\r\n<p>Wir arbeiten nicht nur in unseren eigenen Fabriken an guten Arbeitsbedingungen. Wir bem\u00fchen uns auch, unlautere Praktiken in der gesamten Lieferkette zu verbessern. Das tun wir gemeinsam mit unseren Zulieferern. Unsere Muttergesellschaft Euro Sox Plus arbeitet daher nur mit BSCI- oder SA8000-zertifizierten Herstellern zusammen, die sich der Arbeitnehmerrechte w\u00e4hrend des Produktionsprozesses bewusst sind.<\/p>\r\n<\/div>\r\n<\/details><\/div>\r\n\r\n\r\n\r\n<div class=\"wp-block-coblocks-accordion-item\"><details>\r\n<summary class=\"wp-block-coblocks-accordion-item__title\">Was bedeutet BSCI oder SA8000?<\/summary>\r\n<div class=\"wp-block-coblocks-accordion-item__content\">\r\n<p>Die Hersteller, mit denen wir zusammenarbeiten, m\u00fcssen die Rechte ihrer Arbeitnehmer respektieren. Das bedeutet:<\/p>\r\n\r\n\r\n\r\n<p>\u2022 Recht auf Vereinigung (Gewerkschaft)<br \/>\u2022 Keine Diskriminierung<br \/>\u2022 Faire L\u00f6hne<br \/>\u2022 Angemessene Arbeitszeiten<br \/>\u2022 Sichere und gesunde Arbeitsbedingungen<br \/>\u2022 Keine Kinderarbeit<br \/>\u2022 Schutz junger Arbeitnehmer<br \/>\u2022 Keine gef\u00e4hrliche Arbeit<br \/>\u2022 Keine Zwangsarbeit<br \/>\u2022 Ma\u00dfnahmen gegen Korruption<br \/>\u2022 Umweltschutz<\/p>\r\n<\/div>\r\n<\/details><\/div>\r\n\r\n\r\n\r\n<div class=\"wp-block-coblocks-accordion-item\"><details>\r\n<summary class=\"wp-block-coblocks-accordion-item__title\">Was tut ihr f\u00fcr die soziale Verantwortung der Unternehmen (CSR)?<\/summary>\r\n<div class=\"wp-block-coblocks-accordion-item__content\">\r\n<p>In unseren Fabriken haben wir uns neun nachhaltige Ziele gesetzt, die sich auf People, Planet &amp; Prosperity (Mensch, Planet und Wohlstand) konzentrieren. Mit diesen Zielen rechtfertigen wir unsere nachhaltigen Initiativen und leisten einen wertvollen Beitrag f\u00fcr die Welt um uns herum.<\/p>\r\n\r\n\r\n\r\n<p>In unseren Fabriken stehen wir f\u00fcr:<\/p>\r\n\r\n\r\n\r\n<ol class=\"wp-block-list\">\r\n<li>Beseitigung der extremen Armut<\/li>\r\n<li>Gute Gesundheit und Wohlbefinden<\/li>\r\n<li>Gute Ausbildung<\/li>\r\n<li>Gleichstellung der Geschlechter<\/li>\r\n<li>Normale Arbeit und wirtschaftliches Wachstum<\/li>\r\n<li>Verringerung der sozialen Ungleichheit<\/li>\r\n<li>Sauberes Wasser und gute sanit\u00e4re Einrichtungen<\/li>\r\n<li>Zug\u00e4ngliche und erneuerbare Energien<\/li>\r\n<li>Verantwortungsbewusster Konsum und Produktion<\/li>\r\n<\/ol>\r\n<\/div>\r\n<\/details><\/div>\r\n<\/div>\r\n","protected":false},"excerpt":{"rendered":"<p>\u00dcber Socklab CRADLE TO CRADLE CERTIFIED\u2122 GOLD \u00dcber den Produktionsprozess der \u201eCradle to Cradle Certified\u2122 GOLD\u201c-Socken \u00dcber die G\u00fctezeichen \u00dcber die \u201eCradle to Cradle Certified\u2122 GOLD\u201c-Socken von Socklab Arbeitsbedingungen<\/p>\n","protected":false},"author":1,"featured_media":197,"parent":0,"menu_order":0,"comment_status":"closed","ping_status":"closed","template":"","meta":{"_acf_changed":false,"_coblocks_attr":"","_coblocks_dimensions":"","_coblocks_responsive_height":"","_coblocks_accordion_ie_support":"","footnotes":""},"class_list":["post-209","page","type-page","status-publish","has-post-thumbnail","hentry"],"acf":[],"yoast_head":"<!-- This site is optimized with the Yoast SEO plugin v23.6 - https:\/\/yoast.com\/wordpress\/plugins\/seo\/ -->\n<title>Socklab| Nachhaltige Socken | Cradle 2 Cradle | FAQ<\/title>\n<meta name=\"description\" content=\"Wir finden, dass die von uns getragenen Socken besser sein k\u00f6nnten. FAQ \u00fcber den Produktionsprozess der \u201eCradle 2 Cradle Certified-Socken&quot;\" \/>\n<meta name=\"robots\" content=\"index, follow, max-snippet:-1, max-image-preview:large, max-video-preview:-1\" \/>\n<link rel=\"canonical\" href=\"https:\/\/www.socklab.eu\/de\/faq\/\" \/>\n<meta property=\"og:locale\" content=\"de_DE\" \/>\n<meta property=\"og:type\" content=\"article\" \/>\n<meta property=\"og:title\" content=\"Socklab| Nachhaltige Socken | Cradle 2 Cradle | FAQ\" \/>\n<meta property=\"og:description\" content=\"Wir finden, dass die von uns getragenen Socken besser sein k\u00f6nnten. FAQ \u00fcber den Produktionsprozess der \u201eCradle 2 Cradle Certified-Socken&quot;\" \/>\n<meta property=\"og:url\" content=\"https:\/\/www.socklab.eu\/de\/faq\/\" \/>\n<meta property=\"og:site_name\" content=\"Socklab\" \/>\n<meta property=\"article:modified_time\" content=\"2023-02-01T11:16:22+00:00\" \/>\n<meta property=\"og:image\" content=\"https:\/\/www.socklab.eu\/wp-content\/uploads\/2020\/04\/Among-the-top-Banner-Image.jpg-2.jpg\" \/>\n\t<meta property=\"og:image:width\" content=\"1920\" \/>\n\t<meta property=\"og:image:height\" content=\"800\" \/>\n\t<meta property=\"og:image:type\" content=\"image\/jpeg\" \/>\n<meta name=\"twitter:card\" content=\"summary_large_image\" \/>\n<meta name=\"twitter:label1\" content=\"Gesch\u00e4tzte Lesezeit\" \/>\n\t<meta name=\"twitter:data1\" content=\"6\u00a0Minuten\" \/>\n<script type=\"application\/ld+json\" class=\"yoast-schema-graph\">{\"@context\":\"https:\/\/schema.org\",\"@graph\":[{\"@type\":\"WebPage\",\"@id\":\"https:\/\/www.socklab.eu\/de\/faq\/\",\"url\":\"https:\/\/www.socklab.eu\/de\/faq\/\",\"name\":\"Socklab| Nachhaltige Socken | Cradle 2 Cradle | FAQ\",\"isPartOf\":{\"@id\":\"https:\/\/www.socklab.eu\/#website\"},\"primaryImageOfPage\":{\"@id\":\"https:\/\/www.socklab.eu\/de\/faq\/#primaryimage\"},\"image\":{\"@id\":\"https:\/\/www.socklab.eu\/de\/faq\/#primaryimage\"},\"thumbnailUrl\":\"https:\/\/www.socklab.eu\/wp-content\/uploads\/2020\/04\/Among-the-top-Banner-Image.jpg-2.jpg\",\"datePublished\":\"2020-04-17T13:49:10+00:00\",\"dateModified\":\"2023-02-01T11:16:22+00:00\",\"description\":\"Wir finden, dass die von uns getragenen Socken besser sein k\u00f6nnten. FAQ \u00fcber den Produktionsprozess der \u201eCradle 2 Cradle Certified-Socken\\\"\",\"breadcrumb\":{\"@id\":\"https:\/\/www.socklab.eu\/de\/faq\/#breadcrumb\"},\"inLanguage\":\"de\",\"potentialAction\":[{\"@type\":\"ReadAction\",\"target\":[\"https:\/\/www.socklab.eu\/de\/faq\/\"]}]},{\"@type\":\"ImageObject\",\"inLanguage\":\"de\",\"@id\":\"https:\/\/www.socklab.eu\/de\/faq\/#primaryimage\",\"url\":\"https:\/\/www.socklab.eu\/wp-content\/uploads\/2020\/04\/Among-the-top-Banner-Image.jpg-2.jpg\",\"contentUrl\":\"https:\/\/www.socklab.eu\/wp-content\/uploads\/2020\/04\/Among-the-top-Banner-Image.jpg-2.jpg\",\"width\":1920,\"height\":800},{\"@type\":\"BreadcrumbList\",\"@id\":\"https:\/\/www.socklab.eu\/de\/faq\/#breadcrumb\",\"itemListElement\":[{\"@type\":\"ListItem\",\"position\":1,\"name\":\"Home\",\"item\":\"https:\/\/www.socklab.eu\/de\/\"},{\"@type\":\"ListItem\",\"position\":2,\"name\":\"FAQ\"}]},{\"@type\":\"WebSite\",\"@id\":\"https:\/\/www.socklab.eu\/#website\",\"url\":\"https:\/\/www.socklab.eu\/\",\"name\":\"Socklab\",\"description\":\"Just another WordPress site\",\"potentialAction\":[{\"@type\":\"SearchAction\",\"target\":{\"@type\":\"EntryPoint\",\"urlTemplate\":\"https:\/\/www.socklab.eu\/?s={search_term_string}\"},\"query-input\":{\"@type\":\"PropertyValueSpecification\",\"valueRequired\":true,\"valueName\":\"search_term_string\"}}],\"inLanguage\":\"de\"}]}<\/script>\n<!-- \/ Yoast SEO plugin. -->","yoast_head_json":{"title":"Socklab| Nachhaltige Socken | Cradle 2 Cradle | FAQ","description":"Wir finden, dass die von uns getragenen Socken besser sein k\u00f6nnten. FAQ \u00fcber den Produktionsprozess der \u201eCradle 2 Cradle Certified-Socken\"","robots":{"index":"index","follow":"follow","max-snippet":"max-snippet:-1","max-image-preview":"max-image-preview:large","max-video-preview":"max-video-preview:-1"},"canonical":"https:\/\/www.socklab.eu\/de\/faq\/","og_locale":"de_DE","og_type":"article","og_title":"Socklab| Nachhaltige Socken | Cradle 2 Cradle | FAQ","og_description":"Wir finden, dass die von uns getragenen Socken besser sein k\u00f6nnten. FAQ \u00fcber den Produktionsprozess der \u201eCradle 2 Cradle Certified-Socken\"","og_url":"https:\/\/www.socklab.eu\/de\/faq\/","og_site_name":"Socklab","article_modified_time":"2023-02-01T11:16:22+00:00","og_image":[{"width":1920,"height":800,"url":"https:\/\/www.socklab.eu\/wp-content\/uploads\/2020\/04\/Among-the-top-Banner-Image.jpg-2.jpg","type":"image\/jpeg"}],"twitter_card":"summary_large_image","twitter_misc":{"Gesch\u00e4tzte Lesezeit":"6\u00a0Minuten"},"schema":{"@context":"https:\/\/schema.org","@graph":[{"@type":"WebPage","@id":"https:\/\/www.socklab.eu\/de\/faq\/","url":"https:\/\/www.socklab.eu\/de\/faq\/","name":"Socklab| Nachhaltige Socken | Cradle 2 Cradle | FAQ","isPartOf":{"@id":"https:\/\/www.socklab.eu\/#website"},"primaryImageOfPage":{"@id":"https:\/\/www.socklab.eu\/de\/faq\/#primaryimage"},"image":{"@id":"https:\/\/www.socklab.eu\/de\/faq\/#primaryimage"},"thumbnailUrl":"https:\/\/www.socklab.eu\/wp-content\/uploads\/2020\/04\/Among-the-top-Banner-Image.jpg-2.jpg","datePublished":"2020-04-17T13:49:10+00:00","dateModified":"2023-02-01T11:16:22+00:00","description":"Wir finden, dass die von uns getragenen Socken besser sein k\u00f6nnten. FAQ \u00fcber den Produktionsprozess der \u201eCradle 2 Cradle Certified-Socken\"","breadcrumb":{"@id":"https:\/\/www.socklab.eu\/de\/faq\/#breadcrumb"},"inLanguage":"de","potentialAction":[{"@type":"ReadAction","target":["https:\/\/www.socklab.eu\/de\/faq\/"]}]},{"@type":"ImageObject","inLanguage":"de","@id":"https:\/\/www.socklab.eu\/de\/faq\/#primaryimage","url":"https:\/\/www.socklab.eu\/wp-content\/uploads\/2020\/04\/Among-the-top-Banner-Image.jpg-2.jpg","contentUrl":"https:\/\/www.socklab.eu\/wp-content\/uploads\/2020\/04\/Among-the-top-Banner-Image.jpg-2.jpg","width":1920,"height":800},{"@type":"BreadcrumbList","@id":"https:\/\/www.socklab.eu\/de\/faq\/#breadcrumb","itemListElement":[{"@type":"ListItem","position":1,"name":"Home","item":"https:\/\/www.socklab.eu\/de\/"},{"@type":"ListItem","position":2,"name":"FAQ"}]},{"@type":"WebSite","@id":"https:\/\/www.socklab.eu\/#website","url":"https:\/\/www.socklab.eu\/","name":"Socklab","description":"Just another WordPress site","potentialAction":[{"@type":"SearchAction","target":{"@type":"EntryPoint","urlTemplate":"https:\/\/www.socklab.eu\/?s={search_term_string}"},"query-input":{"@type":"PropertyValueSpecification","valueRequired":true,"valueName":"search_term_string"}}],"inLanguage":"de"}]}},"_links":{"self":[{"href":"https:\/\/www.socklab.eu\/de\/wp-json\/wp\/v2\/pages\/209"}],"collection":[{"href":"https:\/\/www.socklab.eu\/de\/wp-json\/wp\/v2\/pages"}],"about":[{"href":"https:\/\/www.socklab.eu\/de\/wp-json\/wp\/v2\/types\/page"}],"author":[{"embeddable":true,"href":"https:\/\/www.socklab.eu\/de\/wp-json\/wp\/v2\/users\/1"}],"replies":[{"embeddable":true,"href":"https:\/\/www.socklab.eu\/de\/wp-json\/wp\/v2\/comments?post=209"}],"version-history":[{"count":5,"href":"https:\/\/www.socklab.eu\/de\/wp-json\/wp\/v2\/pages\/209\/revisions"}],"predecessor-version":[{"id":875,"href":"https:\/\/www.socklab.eu\/de\/wp-json\/wp\/v2\/pages\/209\/revisions\/875"}],"wp:featuredmedia":[{"embeddable":true,"href":"https:\/\/www.socklab.eu\/de\/wp-json\/wp\/v2\/media\/197"}],"wp:attachment":[{"href":"https:\/\/www.socklab.eu\/de\/wp-json\/wp\/v2\/media?parent=209"}],"curies":[{"name":"wp","href":"https:\/\/api.w.org\/{rel}","templated":true}]}}