{"id":207,"date":"2020-04-17T13:46:11","date_gmt":"2020-04-17T13:46:11","guid":{"rendered":"https:\/\/socklab.eu\/?page_id=207"},"modified":"2022-08-22T12:26:40","modified_gmt":"2022-08-22T10:26:40","slug":"kontakt","status":"publish","type":"page","link":"https:\/\/www.socklab.eu\/de\/kontakt\/","title":{"rendered":"Kontakt"},"content":{"rendered":"\r\n<h2 class=\"wp-block-heading\">Socklab<\/h2>\r\n\r\n\r\n\r\n<p>Van den Bergsweg 37<br \/>7442 CK Nijverdal (Die Niederlande)<\/p>\r\n\r\n\r\n\r\n<p>Telefon: \u00a0 \u00a0 \u00a0+31 (0) 548 530 400<br \/>Fax:\u00a0\u00a0\u00a0\u00a0\u00a0\u00a0\u00a0\u00a0\u00a0\u00a0\u00a0 +31 (0) 548 530 401<br \/>Email:\u00a0\u00a0\u00a0\u00a0\u00a0\u00a0\u00a0\u00a0 <a href=\"mailto:info@socklab.eu\">info@socklab.eu<\/a><br \/>Web:\u00a0\u00a0\u00a0\u00a0\u00a0\u00a0\u00a0\u00a0\u00a0\u00a0\u00a0<a href=\"http:\/\/www.socklab.eu\">www.socklab.eu<\/a><\/p>\r\n\r\n\r\n\r\n<h3 class=\"wp-block-heading\"><strong>CONTACT SALES<\/strong><\/h3>\r\n\r\n\r\n\r\n<p>Vertrieb:\u00a0 \u00a0 <a href=\"mailto:info@interloop-eu.com\">info@interloop-eu.com<\/a><\/p>\r\n\r\n\r\n\r\n<p><a href=\"https:\/\/www.eurosoxplus.com\/terms-conditions\/\" target=\"_blank\" rel=\"noreferrer noopener\" aria-label=\"undefined (opens in a new tab)\">TERMS &amp; CONDITIONS<\/a><\/p>\r\n\r\n\r\n\r\n<p><a href=\"https:\/\/www.eurosoxplus.com\/privacy-cookie-policy\/\" target=\"_blank\" rel=\"noreferrer noopener\" aria-label=\"undefined (opens in a new tab)\">PRIVACY &amp; COOKIE POLICY<\/a><\/p>\r\n","protected":false},"excerpt":{"rendered":"<p>Socklab Van den Bergsweg 377442 CK Nijverdal (Die Niederlande) Telefon: \u00a0 \u00a0 \u00a0+31 (0) 548 530 400Fax:\u00a0\u00a0\u00a0\u00a0\u00a0\u00a0\u00a0\u00a0\u00a0\u00a0\u00a0 +31 (0) 548 530 401Email:\u00a0\u00a0\u00a0\u00a0\u00a0\u00a0\u00a0\u00a0 info@socklab.euWeb:\u00a0\u00a0\u00a0\u00a0\u00a0\u00a0\u00a0\u00a0\u00a0\u00a0\u00a0www.socklab.eu CONTACT SALES Vertrieb:\u00a0 \u00a0 info@interloop-eu.com TERMS &amp; CONDITIONS PRIVACY &amp; COOKIE POLICY<\/p>\n","protected":false},"author":1,"featured_media":369,"parent":0,"menu_order":0,"comment_status":"closed","ping_status":"closed","template":"","meta":{"_acf_changed":false,"_coblocks_attr":"","_coblocks_dimensions":"","_coblocks_responsive_height":"","_coblocks_accordion_ie_support":"","footnotes":""},"class_list":["post-207","page","type-page","status-publish","has-post-thumbnail","hentry"],"acf":[],"yoast_head":"<!-- This site is optimized with the Yoast SEO plugin v23.6 - https:\/\/yoast.com\/wordpress\/plugins\/seo\/ -->\n<title>Socklab| Socken mit einem minimalen \u00f6kologischen Fu\u00dfabdruck | Kontakt<\/title>\n<meta name=\"description\" content=\"Wir finden, dass die von uns getragenen Socken besser sein k\u00f6nnten. Alle unsere Socken sind Cradle-to-Cradle-GOLD-zertifiziert. Kontakt.\" \/>\n<meta name=\"robots\" content=\"index, follow, max-snippet:-1, max-image-preview:large, max-video-preview:-1\" \/>\n<link rel=\"canonical\" href=\"https:\/\/www.socklab.eu\/de\/kontakt\/\" \/>\n<meta property=\"og:locale\" content=\"de_DE\" \/>\n<meta property=\"og:type\" content=\"article\" \/>\n<meta property=\"og:title\" content=\"Socklab| Socken mit einem minimalen \u00f6kologischen Fu\u00dfabdruck | Kontakt\" \/>\n<meta property=\"og:description\" content=\"Wir finden, dass die von uns getragenen Socken besser sein k\u00f6nnten. Alle unsere Socken sind Cradle-to-Cradle-GOLD-zertifiziert. Kontakt.\" \/>\n<meta property=\"og:url\" content=\"https:\/\/www.socklab.eu\/de\/kontakt\/\" \/>\n<meta property=\"og:site_name\" content=\"Socklab\" \/>\n<meta property=\"article:modified_time\" content=\"2022-08-22T10:26:40+00:00\" \/>\n<meta property=\"og:image\" content=\"https:\/\/www.socklab.eu\/wp-content\/uploads\/2020\/06\/Contact1.jpg\" \/>\n\t<meta property=\"og:image:width\" content=\"800\" \/>\n\t<meta property=\"og:image:height\" content=\"429\" \/>\n\t<meta property=\"og:image:type\" content=\"image\/jpeg\" \/>\n<meta name=\"twitter:card\" content=\"summary_large_image\" \/>\n<meta name=\"twitter:label1\" content=\"Gesch\u00e4tzte Lesezeit\" \/>\n\t<meta name=\"twitter:data1\" content=\"1\u00a0Minute\" \/>\n<script type=\"application\/ld+json\" class=\"yoast-schema-graph\">{\"@context\":\"https:\/\/schema.org\",\"@graph\":[{\"@type\":\"WebPage\",\"@id\":\"https:\/\/www.socklab.eu\/de\/kontakt\/\",\"url\":\"https:\/\/www.socklab.eu\/de\/kontakt\/\",\"name\":\"Socklab| Socken mit einem minimalen \u00f6kologischen Fu\u00dfabdruck | Kontakt\",\"isPartOf\":{\"@id\":\"https:\/\/www.socklab.eu\/#website\"},\"primaryImageOfPage\":{\"@id\":\"https:\/\/www.socklab.eu\/de\/kontakt\/#primaryimage\"},\"image\":{\"@id\":\"https:\/\/www.socklab.eu\/de\/kontakt\/#primaryimage\"},\"thumbnailUrl\":\"https:\/\/www.socklab.eu\/wp-content\/uploads\/2020\/06\/Contact1.jpg\",\"datePublished\":\"2020-04-17T13:46:11+00:00\",\"dateModified\":\"2022-08-22T10:26:40+00:00\",\"description\":\"Wir finden, dass die von uns getragenen Socken besser sein k\u00f6nnten. Alle unsere Socken sind Cradle-to-Cradle-GOLD-zertifiziert. Kontakt.\",\"breadcrumb\":{\"@id\":\"https:\/\/www.socklab.eu\/de\/kontakt\/#breadcrumb\"},\"inLanguage\":\"de\",\"potentialAction\":[{\"@type\":\"ReadAction\",\"target\":[\"https:\/\/www.socklab.eu\/de\/kontakt\/\"]}]},{\"@type\":\"ImageObject\",\"inLanguage\":\"de\",\"@id\":\"https:\/\/www.socklab.eu\/de\/kontakt\/#primaryimage\",\"url\":\"https:\/\/www.socklab.eu\/wp-content\/uploads\/2020\/06\/Contact1.jpg\",\"contentUrl\":\"https:\/\/www.socklab.eu\/wp-content\/uploads\/2020\/06\/Contact1.jpg\",\"width\":800,\"height\":429},{\"@type\":\"BreadcrumbList\",\"@id\":\"https:\/\/www.socklab.eu\/de\/kontakt\/#breadcrumb\",\"itemListElement\":[{\"@type\":\"ListItem\",\"position\":1,\"name\":\"Home\",\"item\":\"https:\/\/www.socklab.eu\/de\/\"},{\"@type\":\"ListItem\",\"position\":2,\"name\":\"Kontakt\"}]},{\"@type\":\"WebSite\",\"@id\":\"https:\/\/www.socklab.eu\/#website\",\"url\":\"https:\/\/www.socklab.eu\/\",\"name\":\"Socklab\",\"description\":\"Just another WordPress site\",\"potentialAction\":[{\"@type\":\"SearchAction\",\"target\":{\"@type\":\"EntryPoint\",\"urlTemplate\":\"https:\/\/www.socklab.eu\/?s={search_term_string}\"},\"query-input\":{\"@type\":\"PropertyValueSpecification\",\"valueRequired\":true,\"valueName\":\"search_term_string\"}}],\"inLanguage\":\"de\"}]}<\/script>\n<!-- \/ Yoast SEO plugin. -->","yoast_head_json":{"title":"Socklab| Socken mit einem minimalen \u00f6kologischen Fu\u00dfabdruck | Kontakt","description":"Wir finden, dass die von uns getragenen Socken besser sein k\u00f6nnten. Alle unsere Socken sind Cradle-to-Cradle-GOLD-zertifiziert. Kontakt.","robots":{"index":"index","follow":"follow","max-snippet":"max-snippet:-1","max-image-preview":"max-image-preview:large","max-video-preview":"max-video-preview:-1"},"canonical":"https:\/\/www.socklab.eu\/de\/kontakt\/","og_locale":"de_DE","og_type":"article","og_title":"Socklab| Socken mit einem minimalen \u00f6kologischen Fu\u00dfabdruck | Kontakt","og_description":"Wir finden, dass die von uns getragenen Socken besser sein k\u00f6nnten. Alle unsere Socken sind Cradle-to-Cradle-GOLD-zertifiziert. Kontakt.","og_url":"https:\/\/www.socklab.eu\/de\/kontakt\/","og_site_name":"Socklab","article_modified_time":"2022-08-22T10:26:40+00:00","og_image":[{"width":800,"height":429,"url":"https:\/\/www.socklab.eu\/wp-content\/uploads\/2020\/06\/Contact1.jpg","type":"image\/jpeg"}],"twitter_card":"summary_large_image","twitter_misc":{"Gesch\u00e4tzte Lesezeit":"1\u00a0Minute"},"schema":{"@context":"https:\/\/schema.org","@graph":[{"@type":"WebPage","@id":"https:\/\/www.socklab.eu\/de\/kontakt\/","url":"https:\/\/www.socklab.eu\/de\/kontakt\/","name":"Socklab| Socken mit einem minimalen \u00f6kologischen Fu\u00dfabdruck | Kontakt","isPartOf":{"@id":"https:\/\/www.socklab.eu\/#website"},"primaryImageOfPage":{"@id":"https:\/\/www.socklab.eu\/de\/kontakt\/#primaryimage"},"image":{"@id":"https:\/\/www.socklab.eu\/de\/kontakt\/#primaryimage"},"thumbnailUrl":"https:\/\/www.socklab.eu\/wp-content\/uploads\/2020\/06\/Contact1.jpg","datePublished":"2020-04-17T13:46:11+00:00","dateModified":"2022-08-22T10:26:40+00:00","description":"Wir finden, dass die von uns getragenen Socken besser sein k\u00f6nnten. Alle unsere Socken sind Cradle-to-Cradle-GOLD-zertifiziert. Kontakt.","breadcrumb":{"@id":"https:\/\/www.socklab.eu\/de\/kontakt\/#breadcrumb"},"inLanguage":"de","potentialAction":[{"@type":"ReadAction","target":["https:\/\/www.socklab.eu\/de\/kontakt\/"]}]},{"@type":"ImageObject","inLanguage":"de","@id":"https:\/\/www.socklab.eu\/de\/kontakt\/#primaryimage","url":"https:\/\/www.socklab.eu\/wp-content\/uploads\/2020\/06\/Contact1.jpg","contentUrl":"https:\/\/www.socklab.eu\/wp-content\/uploads\/2020\/06\/Contact1.jpg","width":800,"height":429},{"@type":"BreadcrumbList","@id":"https:\/\/www.socklab.eu\/de\/kontakt\/#breadcrumb","itemListElement":[{"@type":"ListItem","position":1,"name":"Home","item":"https:\/\/www.socklab.eu\/de\/"},{"@type":"ListItem","position":2,"name":"Kontakt"}]},{"@type":"WebSite","@id":"https:\/\/www.socklab.eu\/#website","url":"https:\/\/www.socklab.eu\/","name":"Socklab","description":"Just another WordPress site","potentialAction":[{"@type":"SearchAction","target":{"@type":"EntryPoint","urlTemplate":"https:\/\/www.socklab.eu\/?s={search_term_string}"},"query-input":{"@type":"PropertyValueSpecification","valueRequired":true,"valueName":"search_term_string"}}],"inLanguage":"de"}]}},"_links":{"self":[{"href":"https:\/\/www.socklab.eu\/de\/wp-json\/wp\/v2\/pages\/207"}],"collection":[{"href":"https:\/\/www.socklab.eu\/de\/wp-json\/wp\/v2\/pages"}],"about":[{"href":"https:\/\/www.socklab.eu\/de\/wp-json\/wp\/v2\/types\/page"}],"author":[{"embeddable":true,"href":"https:\/\/www.socklab.eu\/de\/wp-json\/wp\/v2\/users\/1"}],"replies":[{"embeddable":true,"href":"https:\/\/www.socklab.eu\/de\/wp-json\/wp\/v2\/comments?post=207"}],"version-history":[{"count":5,"href":"https:\/\/www.socklab.eu\/de\/wp-json\/wp\/v2\/pages\/207\/revisions"}],"predecessor-version":[{"id":845,"href":"https:\/\/www.socklab.eu\/de\/wp-json\/wp\/v2\/pages\/207\/revisions\/845"}],"wp:featuredmedia":[{"embeddable":true,"href":"https:\/\/www.socklab.eu\/de\/wp-json\/wp\/v2\/media\/369"}],"wp:attachment":[{"href":"https:\/\/www.socklab.eu\/de\/wp-json\/wp\/v2\/media?parent=207"}],"curies":[{"name":"wp","href":"https:\/\/api.w.org\/{rel}","templated":true}]}}