{"id":204,"date":"2020-04-17T13:44:48","date_gmt":"2020-04-17T13:44:48","guid":{"rendered":"https:\/\/socklab.eu\/?page_id=204"},"modified":"2020-10-20T16:20:12","modified_gmt":"2020-10-20T14:20:12","slug":"zertifikate","status":"publish","type":"page","link":"https:\/\/www.socklab.eu\/de\/zertifikate\/","title":{"rendered":"Zertifikate"},"content":{"rendered":"\n<h2 class=\"wp-block-heading\">Cradle to Cradle Certified\u2122 GOLD by Socklab<\/h2>\n\n\n\n<p>W\u00f6rtlich bedeutet Cradle to Cradle \u201evon Wiege zu Wiege\u201c. Es beschreibt den unendlichen Kreislauf von Materialien und N\u00e4hrstoffen. Cradle to Cradle ist ein Konzept, bei dem Abfall als Nahrung angesehen wird. Das hei\u00dft, dass jeder Rohstoff und jedes Material, das f\u00fcr ein Produkt verwendet wird, auch wiederverwendet werden k\u00f6nnen muss. Der Ausgangspunkt ist, dass der Rohstoff bei der Wiederverwendung nicht an Wert verlieren darf.<br>Alle Cradle-to-Cradle-Produkte von Socklab werden mit Materialien entwickelt, die unbegrenzt wiederverwendet oder unsch\u00e4dlich abgebaut werden k\u00f6nnen. Dabei ist es das Ziel, die Produkte so zu gestalten, dass kein Abfall entsteht. Sollte trotzdem Abfall entstehen, ist das \u201eNahrung\u201c f\u00fcr ein neues Produkt.<br>Cradle to Cradle ist ein weltweites System f\u00fcr die Entwicklung und Zertifizierung nachhaltiger Wirtschaftlichkeit. Aus diesem Grund arbeitet Socklab nur mit Lieferanten zusammen, die Cradle to Cradle Certified\u2122 sind.<\/p>\n\n\n\n<p>Die verwendeten Materialien sind gesund, wiederverwendbar und mit erneuerbaren Energien hergestellt. Entscheiden Sie sich f\u00fcr Socken von Socklab, dann entscheiden Sie sich f\u00fcr Mensch und Umwelt.<\/p>\n\n\n\n<h2 class=\"wp-block-heading\">Oeko-Tex<\/h2>\n\n\n\n<p>Zus\u00e4tzlich zur \u201eCradle to Cradle Certified\u2122 GOLD\u201c-Zertifizierung sind alle Socklab-Socken auch Oeko-Tex-zertifiziert. Damit garantieren wir, dass die Stoffprodukte zu 100 % sicher sind. Dieses Zertifikat besagt, dass unsere Produkte keine Schadstoffe enthalten. Unsere Socken werden also nicht nur fair hergestellt, sondern sind auch gut f\u00fcr Ihre Haut und Gesundheit.<\/p>\n\n\n\n<p><strong>Au\u00dfer den oben genannten Zertifikaten verf\u00fcgt Socklab \u00fcber alle m\u00f6glichen Zertifikate und Mitgliedschaften von Interloop, der Muttergesellschaft von Socklab. Auf diese Weise tragen wir zu unseren nachhaltigen Gesch\u00e4ftszielen bei.<\/strong><\/p>\n","protected":false},"excerpt":{"rendered":"<p>Cradle to Cradle Certified\u2122 GOLD by Socklab W\u00f6rtlich bedeutet Cradle to Cradle \u201evon Wiege zu Wiege\u201c. Es beschreibt den unendlichen Kreislauf von Materialien und N\u00e4hrstoffen. Cradle to Cradle ist ein Konzept, bei dem Abfall als Nahrung angesehen wird. Das hei\u00dft, dass jeder Rohstoff und jedes Material, das f\u00fcr ein Produkt verwendet wird, auch wiederverwendet werden [&hellip;]<\/p>\n","protected":false},"author":1,"featured_media":358,"parent":0,"menu_order":0,"comment_status":"closed","ping_status":"closed","template":"","meta":{"_acf_changed":false,"_coblocks_attr":"","_coblocks_dimensions":"","_coblocks_responsive_height":"","_coblocks_accordion_ie_support":"","footnotes":""},"class_list":["post-204","page","type-page","status-publish","has-post-thumbnail","hentry"],"acf":[],"yoast_head":"<!-- This site is optimized with the Yoast SEO plugin v23.6 - https:\/\/yoast.com\/wordpress\/plugins\/seo\/ -->\n<title>Socklab | \u00d6kologische Socken | Cradle to Cradle GOLD<\/title>\n<meta name=\"description\" content=\"Die Socken von Socklab sind gut f\u00fcr Mensch und Umwelt. Alle unsere Socken sind Cradle to Cradle Gold- und Oeko-Tex-zertifiziert.\" \/>\n<meta name=\"robots\" content=\"index, follow, max-snippet:-1, max-image-preview:large, max-video-preview:-1\" \/>\n<link rel=\"canonical\" href=\"https:\/\/www.socklab.eu\/de\/zertifikate\/\" \/>\n<meta property=\"og:locale\" content=\"de_DE\" \/>\n<meta property=\"og:type\" content=\"article\" \/>\n<meta property=\"og:title\" content=\"Socklab | \u00d6kologische Socken | Cradle to Cradle GOLD\" \/>\n<meta property=\"og:description\" content=\"Die Socken von Socklab sind gut f\u00fcr Mensch und Umwelt. Alle unsere Socken sind Cradle to Cradle Gold- und Oeko-Tex-zertifiziert.\" \/>\n<meta property=\"og:url\" content=\"https:\/\/www.socklab.eu\/de\/zertifikate\/\" \/>\n<meta property=\"og:site_name\" content=\"Socklab\" \/>\n<meta property=\"article:modified_time\" content=\"2020-10-20T14:20:12+00:00\" \/>\n<meta property=\"og:image\" content=\"https:\/\/www.socklab.eu\/wp-content\/uploads\/2020\/06\/home2.jpg\" \/>\n\t<meta property=\"og:image:width\" content=\"1920\" \/>\n\t<meta property=\"og:image:height\" content=\"1280\" \/>\n\t<meta property=\"og:image:type\" content=\"image\/jpeg\" \/>\n<meta name=\"twitter:card\" content=\"summary_large_image\" \/>\n<meta name=\"twitter:label1\" content=\"Gesch\u00e4tzte Lesezeit\" \/>\n\t<meta name=\"twitter:data1\" content=\"1\u00a0Minute\" \/>\n<script type=\"application\/ld+json\" class=\"yoast-schema-graph\">{\"@context\":\"https:\/\/schema.org\",\"@graph\":[{\"@type\":\"WebPage\",\"@id\":\"https:\/\/www.socklab.eu\/de\/zertifikate\/\",\"url\":\"https:\/\/www.socklab.eu\/de\/zertifikate\/\",\"name\":\"Socklab | \u00d6kologische Socken | Cradle to Cradle GOLD\",\"isPartOf\":{\"@id\":\"https:\/\/www.socklab.eu\/#website\"},\"primaryImageOfPage\":{\"@id\":\"https:\/\/www.socklab.eu\/de\/zertifikate\/#primaryimage\"},\"image\":{\"@id\":\"https:\/\/www.socklab.eu\/de\/zertifikate\/#primaryimage\"},\"thumbnailUrl\":\"https:\/\/www.socklab.eu\/wp-content\/uploads\/2020\/06\/home2.jpg\",\"datePublished\":\"2020-04-17T13:44:48+00:00\",\"dateModified\":\"2020-10-20T14:20:12+00:00\",\"description\":\"Die Socken von Socklab sind gut f\u00fcr Mensch und Umwelt. Alle unsere Socken sind Cradle to Cradle Gold- und Oeko-Tex-zertifiziert.\",\"breadcrumb\":{\"@id\":\"https:\/\/www.socklab.eu\/de\/zertifikate\/#breadcrumb\"},\"inLanguage\":\"de\",\"potentialAction\":[{\"@type\":\"ReadAction\",\"target\":[\"https:\/\/www.socklab.eu\/de\/zertifikate\/\"]}]},{\"@type\":\"ImageObject\",\"inLanguage\":\"de\",\"@id\":\"https:\/\/www.socklab.eu\/de\/zertifikate\/#primaryimage\",\"url\":\"https:\/\/www.socklab.eu\/wp-content\/uploads\/2020\/06\/home2.jpg\",\"contentUrl\":\"https:\/\/www.socklab.eu\/wp-content\/uploads\/2020\/06\/home2.jpg\",\"width\":1920,\"height\":1280},{\"@type\":\"BreadcrumbList\",\"@id\":\"https:\/\/www.socklab.eu\/de\/zertifikate\/#breadcrumb\",\"itemListElement\":[{\"@type\":\"ListItem\",\"position\":1,\"name\":\"Home\",\"item\":\"https:\/\/www.socklab.eu\/de\/\"},{\"@type\":\"ListItem\",\"position\":2,\"name\":\"Zertifikate\"}]},{\"@type\":\"WebSite\",\"@id\":\"https:\/\/www.socklab.eu\/#website\",\"url\":\"https:\/\/www.socklab.eu\/\",\"name\":\"Socklab\",\"description\":\"Just another WordPress site\",\"potentialAction\":[{\"@type\":\"SearchAction\",\"target\":{\"@type\":\"EntryPoint\",\"urlTemplate\":\"https:\/\/www.socklab.eu\/?s={search_term_string}\"},\"query-input\":{\"@type\":\"PropertyValueSpecification\",\"valueRequired\":true,\"valueName\":\"search_term_string\"}}],\"inLanguage\":\"de\"}]}<\/script>\n<!-- \/ Yoast SEO plugin. -->","yoast_head_json":{"title":"Socklab | \u00d6kologische Socken | Cradle to Cradle GOLD","description":"Die Socken von Socklab sind gut f\u00fcr Mensch und Umwelt. Alle unsere Socken sind Cradle to Cradle Gold- und Oeko-Tex-zertifiziert.","robots":{"index":"index","follow":"follow","max-snippet":"max-snippet:-1","max-image-preview":"max-image-preview:large","max-video-preview":"max-video-preview:-1"},"canonical":"https:\/\/www.socklab.eu\/de\/zertifikate\/","og_locale":"de_DE","og_type":"article","og_title":"Socklab | \u00d6kologische Socken | Cradle to Cradle GOLD","og_description":"Die Socken von Socklab sind gut f\u00fcr Mensch und Umwelt. Alle unsere Socken sind Cradle to Cradle Gold- und Oeko-Tex-zertifiziert.","og_url":"https:\/\/www.socklab.eu\/de\/zertifikate\/","og_site_name":"Socklab","article_modified_time":"2020-10-20T14:20:12+00:00","og_image":[{"width":1920,"height":1280,"url":"https:\/\/www.socklab.eu\/wp-content\/uploads\/2020\/06\/home2.jpg","type":"image\/jpeg"}],"twitter_card":"summary_large_image","twitter_misc":{"Gesch\u00e4tzte Lesezeit":"1\u00a0Minute"},"schema":{"@context":"https:\/\/schema.org","@graph":[{"@type":"WebPage","@id":"https:\/\/www.socklab.eu\/de\/zertifikate\/","url":"https:\/\/www.socklab.eu\/de\/zertifikate\/","name":"Socklab | \u00d6kologische Socken | Cradle to Cradle GOLD","isPartOf":{"@id":"https:\/\/www.socklab.eu\/#website"},"primaryImageOfPage":{"@id":"https:\/\/www.socklab.eu\/de\/zertifikate\/#primaryimage"},"image":{"@id":"https:\/\/www.socklab.eu\/de\/zertifikate\/#primaryimage"},"thumbnailUrl":"https:\/\/www.socklab.eu\/wp-content\/uploads\/2020\/06\/home2.jpg","datePublished":"2020-04-17T13:44:48+00:00","dateModified":"2020-10-20T14:20:12+00:00","description":"Die Socken von Socklab sind gut f\u00fcr Mensch und Umwelt. Alle unsere Socken sind Cradle to Cradle Gold- und Oeko-Tex-zertifiziert.","breadcrumb":{"@id":"https:\/\/www.socklab.eu\/de\/zertifikate\/#breadcrumb"},"inLanguage":"de","potentialAction":[{"@type":"ReadAction","target":["https:\/\/www.socklab.eu\/de\/zertifikate\/"]}]},{"@type":"ImageObject","inLanguage":"de","@id":"https:\/\/www.socklab.eu\/de\/zertifikate\/#primaryimage","url":"https:\/\/www.socklab.eu\/wp-content\/uploads\/2020\/06\/home2.jpg","contentUrl":"https:\/\/www.socklab.eu\/wp-content\/uploads\/2020\/06\/home2.jpg","width":1920,"height":1280},{"@type":"BreadcrumbList","@id":"https:\/\/www.socklab.eu\/de\/zertifikate\/#breadcrumb","itemListElement":[{"@type":"ListItem","position":1,"name":"Home","item":"https:\/\/www.socklab.eu\/de\/"},{"@type":"ListItem","position":2,"name":"Zertifikate"}]},{"@type":"WebSite","@id":"https:\/\/www.socklab.eu\/#website","url":"https:\/\/www.socklab.eu\/","name":"Socklab","description":"Just another WordPress site","potentialAction":[{"@type":"SearchAction","target":{"@type":"EntryPoint","urlTemplate":"https:\/\/www.socklab.eu\/?s={search_term_string}"},"query-input":{"@type":"PropertyValueSpecification","valueRequired":true,"valueName":"search_term_string"}}],"inLanguage":"de"}]}},"_links":{"self":[{"href":"https:\/\/www.socklab.eu\/de\/wp-json\/wp\/v2\/pages\/204"}],"collection":[{"href":"https:\/\/www.socklab.eu\/de\/wp-json\/wp\/v2\/pages"}],"about":[{"href":"https:\/\/www.socklab.eu\/de\/wp-json\/wp\/v2\/types\/page"}],"author":[{"embeddable":true,"href":"https:\/\/www.socklab.eu\/de\/wp-json\/wp\/v2\/users\/1"}],"replies":[{"embeddable":true,"href":"https:\/\/www.socklab.eu\/de\/wp-json\/wp\/v2\/comments?post=204"}],"version-history":[{"count":3,"href":"https:\/\/www.socklab.eu\/de\/wp-json\/wp\/v2\/pages\/204\/revisions"}],"predecessor-version":[{"id":556,"href":"https:\/\/www.socklab.eu\/de\/wp-json\/wp\/v2\/pages\/204\/revisions\/556"}],"wp:featuredmedia":[{"embeddable":true,"href":"https:\/\/www.socklab.eu\/de\/wp-json\/wp\/v2\/media\/358"}],"wp:attachment":[{"href":"https:\/\/www.socklab.eu\/de\/wp-json\/wp\/v2\/media?parent=204"}],"curies":[{"name":"wp","href":"https:\/\/api.w.org\/{rel}","templated":true}]}}