{"id":202,"date":"2020-04-17T13:40:20","date_gmt":"2020-04-17T13:40:20","guid":{"rendered":"https:\/\/socklab.eu\/?page_id=202"},"modified":"2020-10-20T18:45:18","modified_gmt":"2020-10-20T16:45:18","slug":"produkte","status":"publish","type":"page","link":"https:\/\/www.socklab.eu\/de\/produkte\/","title":{"rendered":"Produkte"},"content":{"rendered":"\n<h2 class=\"wp-block-heading\">Socken mit goldenem Rand<\/h2>\n\n\n\n<p>Die Socken von Socklab d\u00fcrfen sich sehen lassen. Mit den verschiedenen Farben und Designs entscheiden Sie sich f\u00fcr einen sportlichen, verspielten oder l\u00e4ssigen Look. Egal, was Sie bevorzugen, mit unserer Socke am Fu\u00df sind Sie einer nachhaltigen Welt einen Schritt n\u00e4her. Daher sind wir sehr stolz darauf, dass unsere Socke den Titel Cradle to Cradle Certified\u2122 GOLD tragen darf. Was das genau bedeutet, erkl\u00e4ren wir im Folgenden \u2026<\/p>\n\n\n\n<div class=\"wp-block-image\"><figure class=\"alignright size-medium is-resized\"><img loading=\"lazy\" decoding=\"async\" src=\"https:\/\/www.socklab.eu\/wp-content\/uploads\/2020\/04\/a_2c_gold_logo-300x291.jpg\" alt=\"\" class=\"wp-image-274\" width=\"225\" height=\"218\" srcset=\"https:\/\/www.socklab.eu\/wp-content\/uploads\/2020\/04\/a_2c_gold_logo-300x291.jpg 300w, https:\/\/www.socklab.eu\/wp-content\/uploads\/2020\/04\/a_2c_gold_logo.jpg 450w\" sizes=\"(max-width: 225px) 100vw, 225px\" \/><\/figure><\/div>\n\n\n\n<p>W\u00f6rtlich bedeutet Cradle to Cradle \u201evon Wiege zu Wiege\u201c; es beschreibt den unendlichen Kreislauf von Materialien und N\u00e4hrstoffen. Cradle to Cradle ist ein Konzept, bei dem Abfall als Nahrung angesehen wird. Das hei\u00dft, dass jeder Rohstoff und jedes Material, das f\u00fcr ein Produkt verwendet wird, auch wiederverwendet werden k\u00f6nnen muss. Der Ausgangspunkt ist, dass der Rohstoff bei der Wiederverwendung nicht an Wert verlieren darf.<\/p>\n\n\n\n<p>Alle Cradle-to-Cradle-Produkte von Socklab werden mit Materialien entwickelt, die unbegrenzt wiederverwendet oder unsch\u00e4dlich abgebaut werden k\u00f6nnen. Dabei ist es das Ziel, die Produkte so zu gestalten, dass kein Abfall entsteht. Sollte trotzdem Abfall entstehen, ist das \u201eNahrung\u201c f\u00fcr ein neues Produkt.<\/p>\n\n\n\n<p>Die verwendeten Materialien sind gesund, wiederverwendbar und mit erneuerbaren Energien hergestellt. Entscheiden Sie sich f\u00fcr Socken von Socklab, dann entscheiden Sie sich f\u00fcr Mensch und Umwelt.<\/p>\n\n\n\n<div class=\"wp-block-buttons is-layout-flex wp-block-buttons-is-layout-flex\">\n<div class=\"wp-block-button\"><a class=\"wp-block-button__link has-background no-border-radius\" href=\"https:\/\/www.socklab.eu\/de\/produkte\/cradle2cradle\/\" style=\"background-color:#009490\">Zum Produkt<\/a><\/div>\n\n\n\n<div class=\"wp-block-button\"><a class=\"wp-block-button__link no-border-radius\" href=\"https:\/\/www.socklab.eu\/de\/produkte\/cradle2cradle\/kollektion-frauen\/\">Kollektion Frauen<\/a><\/div>\n\n\n\n<div class=\"wp-block-button\"><a class=\"wp-block-button__link no-border-radius\" href=\"https:\/\/www.socklab.eu\/de\/produkte\/cradle2cradle\/kollektion-mannern\/\">Kollektion M\u00e4nnern<\/a><\/div>\n<\/div>\n\n\n\n<figure class=\"wp-block-image size-large\"><img loading=\"lazy\" decoding=\"async\" width=\"612\" height=\"622\" src=\"https:\/\/www.socklab.eu\/wp-content\/uploads\/2020\/08\/diagram.png\" alt=\"\" class=\"wp-image-532\" srcset=\"https:\/\/www.socklab.eu\/wp-content\/uploads\/2020\/08\/diagram.png 612w, https:\/\/www.socklab.eu\/wp-content\/uploads\/2020\/08\/diagram-295x300.png 295w\" sizes=\"(max-width: 612px) 100vw, 612px\" \/><\/figure>\n\n\n\n<h2 class=\"wp-block-heading\">Grunds\u00e4tze<\/h2>\n\n\n\n<p>Wir betrachten Abfall als Nahrung; die Natur sehen wir daher als unser Vorbild. Am Ende ihrer Lebensdauer kehren alle Produkte in den Kreislauf von Produktion, Konsum und Erneuerung zur\u00fcck.<\/p>\n\n\n\n<p>Cradle to Cradle verwendet erneuerbare Energien, sch\u00fctzt das \u00d6kosystem und nutzt die nat\u00fcrlichen Ressourcen auf eine effiziente Weise.<\/p>\n\n\n\n<h3 class=\"wp-block-heading\"><strong>Biologischer Kreislauf<\/strong><\/h3>\n\n\n\n<p>Socklab only uses materials that are certified as organic. These are Socklab verwendet nur Materialien, die als nachwachsende Rohstoffe eingestuft werden. Sie werden kompostiert und eignen sich zur Gewinnung von Biogas. Dar\u00fcber hinaus k\u00f6nnen sie nach der Verbrennung in Form von Asche sogar als D\u00fcnger verwendet werden.<\/p>\n\n\n\n<h3 class=\"wp-block-heading\"><strong>Technischer Kreislauf<\/strong><\/h3>\n\n\n\n<p>Die verwendeten Chemikalien sind sowohl f\u00fcr Verarbeiter als auch f\u00fcr Nutzer sicher. Zudem sind sie f\u00fcr den Recyclingprozess geeignet.<\/p>\n\n\n\n<h2 class=\"wp-block-heading\">Einfaches Recycling; ein gutes Gef\u00fchl!<\/h2>\n\n\n\n<h3 class=\"wp-block-heading\">Rohstoffe und Umwelt<\/h3>\n\n\n\n<p>Die Socken von Socklab sind bekannt f\u00fcr ihre hohe Qualit\u00e4t und lange Lebensdauer. Socklab arbeitet mit seinen Zulieferern an sauberen Produktionsprozessen und Wiederverwendung. Von Anfang bis Ende wird dar\u00fcber nachgedacht. Die verwendeten Materialien werden mittels von der EPEA* genehmigter Produktionsprozesse entwickelt und hergestellt.<\/p>\n\n\n\n<p><em>* Environmental Protection Encouragement Agency: das Zentrum, in dem Produktionsprozesse auf Cradle to Cradle gepr\u00fcft und zertifiziert werden. Gegr\u00fcndet von Michael Braungart, einem der Erfinder des Cradle-to-Cradle-Konzepts.<\/em><\/p>\n\n\n\n<h3 class=\"wp-block-heading\">Cradle to Cradle by Socklab<\/h3>\n\n\n\n<p>Socklab entwickelt Produkte, die von der ersten Idee bis zur Nutzung auf dem Cradle-to-Cradle-Prinzip basieren. Wir setzen hohe Standards, wenn es um nachhaltige Produkte und Prozesse geht. Nur der h\u00f6chste Standard f\u00fcr Nachhaltigkeit reicht. Daher arbeiten wir ausschlie\u00dflich mit Lieferanten zusammen, die ein <a href=\"http:\/\/dealers.deploeg.com\/Global\/Images\/duurzaam\/cradle%20to%20cradle\/Silker%20C2C.pdf\">\u201eCradle to Cradle GOLD\u201c-Zertifikat<\/a> besitzen.<\/p>\n\n\n\n<div class=\"wp-block-image\"><figure class=\"alignright size-large is-resized\"><img loading=\"lazy\" decoding=\"async\" src=\"https:\/\/www.socklab.eu\/wp-content\/uploads\/2020\/08\/icoon-1.jpg\" alt=\"\" class=\"wp-image-542\" width=\"66\" height=\"101\"\/><\/figure><\/div>\n\n\n\n<h3 class=\"wp-block-heading\">Pr\u00fcfverfahren<\/h3>\n\n\n\n<p>Das Cradle-to-Cradle-Pr\u00fcfverfahren gilt f\u00fcr Materialien, Wiederverwendung von Materialien, Energie, Wasser und soziale Verantwortung.<\/p>\n\n\n\n<div class=\"wp-block-image\"><figure class=\"alignleft size-large is-resized\"><img loading=\"lazy\" decoding=\"async\" src=\"https:\/\/www.socklab.eu\/wp-content\/uploads\/2020\/08\/icoon-2.jpg\" alt=\"\" class=\"wp-image-545\" width=\"76\" height=\"104\"\/><\/figure><\/div>\n\n\n\n<h3 class=\"wp-block-heading\">Auswahl<\/h3>\n\n\n\n<p>Die Rohstoffe f\u00fcr die Cradle-to-Cradle-Socken von Socklab werden auf der Grundlage strenger \u00f6kologischer Anforderungen ausgew\u00e4hlt. Die Qualit\u00e4t der Rohstoffe, Gewebe, Energieformen und Produktionsprozesse bleibt konstant und ist von der EPEA zertifiziert.<\/p>\n\n\n\n<div class=\"wp-block-image\"><figure class=\"alignright size-large is-resized\"><img loading=\"lazy\" decoding=\"async\" src=\"https:\/\/www.socklab.eu\/wp-content\/uploads\/2020\/08\/icoon-3.jpg\" alt=\"\" class=\"wp-image-548\" width=\"70\" height=\"104\"\/><\/figure><\/div>\n\n\n\n<h3 class=\"wp-block-heading\">Pr\u00fcfung<\/h3>\n\n\n\n<p>Alle Materialien werden im Hinblick auf ihre Herkunft und Zusammensetzung gepr\u00fcft. Jede neue Partie wird vor dem Spinnen noch einmal getestet. Dann pr\u00fcfen wir, ob noch R\u00fcckst\u00e4nde von Insektiziden vorhanden sind.<\/p>\n\n\n\n<div class=\"wp-block-image\"><figure class=\"alignleft size-large is-resized\"><img loading=\"lazy\" decoding=\"async\" src=\"https:\/\/www.socklab.eu\/wp-content\/uploads\/2020\/08\/icoon-4.jpg\" alt=\"\" class=\"wp-image-536\" width=\"142\" height=\"83\"\/><\/figure><\/div>\n\n\n\n<h3 class=\"wp-block-heading\">Energie und Wasser<\/h3>\n\n\n\n<p>Wir sparen die Menge an Wasser und Energie, die zum Spinnen, F\u00e4rben, Weben und Verarbeiten ben\u00f6tigt wird. Der Anteil an erneuerbaren Energien betr\u00e4gt 50 Prozent!<\/p>\n\n\n\n<div class=\"wp-block-image\"><figure class=\"alignright size-large is-resized\"><img loading=\"lazy\" decoding=\"async\" src=\"https:\/\/www.socklab.eu\/wp-content\/uploads\/2020\/08\/icoon-5.jpg\" alt=\"\" class=\"wp-image-539\" width=\"134\" height=\"83\"\/><\/figure><\/div>\n\n\n\n<h3 class=\"wp-block-heading\">Farben<\/h3>\n\n\n\n<p>Nur 16 der 1.600 Farbtypen erf\u00fcllen die strengen Anforderungen von Socklab. Der Gro\u00dfteil der Energie wird beim F\u00e4rben verbraucht. Bei uns wird dieser Prozess zu 90 Prozent mit erneuerbaren Energien durchgef\u00fchrt!<\/p>\n\n\n\n<p><strong><strong>Am Ende des Testverfahrens werden unsere Socken mit dem Cradle-to-Cradle-Zertifikat ausgezeichnet. Das \u201egoldene\u201c Sahneh\u00e4ubchen!<\/strong><\/strong><\/p>\n","protected":false},"excerpt":{"rendered":"<p>Socken mit goldenem Rand Die Socken von Socklab d\u00fcrfen sich sehen lassen. Mit den verschiedenen Farben und Designs entscheiden Sie sich f\u00fcr einen sportlichen, verspielten oder l\u00e4ssigen Look. Egal, was Sie bevorzugen, mit unserer Socke am Fu\u00df sind Sie einer nachhaltigen Welt einen Schritt n\u00e4her. Daher sind wir sehr stolz darauf, dass unsere Socke den [&hellip;]<\/p>\n","protected":false},"author":1,"featured_media":385,"parent":0,"menu_order":0,"comment_status":"closed","ping_status":"closed","template":"","meta":{"_acf_changed":false,"_coblocks_attr":"","_coblocks_dimensions":"","_coblocks_responsive_height":"","_coblocks_accordion_ie_support":"","footnotes":""},"class_list":["post-202","page","type-page","status-publish","has-post-thumbnail","hentry"],"acf":[],"yoast_head":"<!-- This site is optimized with the Yoast SEO plugin v23.6 - https:\/\/yoast.com\/wordpress\/plugins\/seo\/ -->\n<title>Socklab| Socken mit einem minimalen \u00f6kologischen Fu\u00dfabdruck<\/title>\n<meta name=\"description\" content=\"Wir finden, dass die von uns getragenen Socken besser sein k\u00f6nnten. Alle unsere Socken sind Cradle-to-Cradle-GOLD-zertifiziert.\" \/>\n<meta name=\"robots\" content=\"index, follow, max-snippet:-1, max-image-preview:large, max-video-preview:-1\" \/>\n<link rel=\"canonical\" href=\"https:\/\/www.socklab.eu\/de\/produkte\/\" \/>\n<meta property=\"og:locale\" content=\"de_DE\" \/>\n<meta property=\"og:type\" content=\"article\" \/>\n<meta property=\"og:title\" content=\"Socklab| Socken mit einem minimalen \u00f6kologischen Fu\u00dfabdruck\" \/>\n<meta property=\"og:description\" content=\"Wir finden, dass die von uns getragenen Socken besser sein k\u00f6nnten. Alle unsere Socken sind Cradle-to-Cradle-GOLD-zertifiziert.\" \/>\n<meta property=\"og:url\" content=\"https:\/\/www.socklab.eu\/de\/produkte\/\" \/>\n<meta property=\"og:site_name\" content=\"Socklab\" \/>\n<meta property=\"article:modified_time\" content=\"2020-10-20T16:45:18+00:00\" \/>\n<meta property=\"og:image\" content=\"https:\/\/www.socklab.eu\/wp-content\/uploads\/2020\/06\/product1-1024x576.jpg\" \/>\n\t<meta property=\"og:image:width\" content=\"1024\" \/>\n\t<meta property=\"og:image:height\" content=\"576\" \/>\n\t<meta property=\"og:image:type\" content=\"image\/jpeg\" \/>\n<meta name=\"twitter:card\" content=\"summary_large_image\" \/>\n<meta name=\"twitter:label1\" content=\"Gesch\u00e4tzte Lesezeit\" \/>\n\t<meta name=\"twitter:data1\" content=\"3\u00a0Minuten\" \/>\n<script type=\"application\/ld+json\" class=\"yoast-schema-graph\">{\"@context\":\"https:\/\/schema.org\",\"@graph\":[{\"@type\":\"WebPage\",\"@id\":\"https:\/\/www.socklab.eu\/de\/produkte\/\",\"url\":\"https:\/\/www.socklab.eu\/de\/produkte\/\",\"name\":\"Socklab| Socken mit einem minimalen \u00f6kologischen Fu\u00dfabdruck\",\"isPartOf\":{\"@id\":\"https:\/\/www.socklab.eu\/#website\"},\"primaryImageOfPage\":{\"@id\":\"https:\/\/www.socklab.eu\/de\/produkte\/#primaryimage\"},\"image\":{\"@id\":\"https:\/\/www.socklab.eu\/de\/produkte\/#primaryimage\"},\"thumbnailUrl\":\"https:\/\/www.socklab.eu\/wp-content\/uploads\/2020\/06\/product1.jpg\",\"datePublished\":\"2020-04-17T13:40:20+00:00\",\"dateModified\":\"2020-10-20T16:45:18+00:00\",\"description\":\"Wir finden, dass die von uns getragenen Socken besser sein k\u00f6nnten. Alle unsere Socken sind Cradle-to-Cradle-GOLD-zertifiziert.\",\"breadcrumb\":{\"@id\":\"https:\/\/www.socklab.eu\/de\/produkte\/#breadcrumb\"},\"inLanguage\":\"de\",\"potentialAction\":[{\"@type\":\"ReadAction\",\"target\":[\"https:\/\/www.socklab.eu\/de\/produkte\/\"]}]},{\"@type\":\"ImageObject\",\"inLanguage\":\"de\",\"@id\":\"https:\/\/www.socklab.eu\/de\/produkte\/#primaryimage\",\"url\":\"https:\/\/www.socklab.eu\/wp-content\/uploads\/2020\/06\/product1.jpg\",\"contentUrl\":\"https:\/\/www.socklab.eu\/wp-content\/uploads\/2020\/06\/product1.jpg\",\"width\":2560,\"height\":1440},{\"@type\":\"BreadcrumbList\",\"@id\":\"https:\/\/www.socklab.eu\/de\/produkte\/#breadcrumb\",\"itemListElement\":[{\"@type\":\"ListItem\",\"position\":1,\"name\":\"Home\",\"item\":\"https:\/\/www.socklab.eu\/de\/\"},{\"@type\":\"ListItem\",\"position\":2,\"name\":\"Produkte\"}]},{\"@type\":\"WebSite\",\"@id\":\"https:\/\/www.socklab.eu\/#website\",\"url\":\"https:\/\/www.socklab.eu\/\",\"name\":\"Socklab\",\"description\":\"Just another WordPress site\",\"potentialAction\":[{\"@type\":\"SearchAction\",\"target\":{\"@type\":\"EntryPoint\",\"urlTemplate\":\"https:\/\/www.socklab.eu\/?s={search_term_string}\"},\"query-input\":{\"@type\":\"PropertyValueSpecification\",\"valueRequired\":true,\"valueName\":\"search_term_string\"}}],\"inLanguage\":\"de\"}]}<\/script>\n<!-- \/ Yoast SEO plugin. -->","yoast_head_json":{"title":"Socklab| Socken mit einem minimalen \u00f6kologischen Fu\u00dfabdruck","description":"Wir finden, dass die von uns getragenen Socken besser sein k\u00f6nnten. Alle unsere Socken sind Cradle-to-Cradle-GOLD-zertifiziert.","robots":{"index":"index","follow":"follow","max-snippet":"max-snippet:-1","max-image-preview":"max-image-preview:large","max-video-preview":"max-video-preview:-1"},"canonical":"https:\/\/www.socklab.eu\/de\/produkte\/","og_locale":"de_DE","og_type":"article","og_title":"Socklab| Socken mit einem minimalen \u00f6kologischen Fu\u00dfabdruck","og_description":"Wir finden, dass die von uns getragenen Socken besser sein k\u00f6nnten. Alle unsere Socken sind Cradle-to-Cradle-GOLD-zertifiziert.","og_url":"https:\/\/www.socklab.eu\/de\/produkte\/","og_site_name":"Socklab","article_modified_time":"2020-10-20T16:45:18+00:00","og_image":[{"width":1024,"height":576,"url":"https:\/\/www.socklab.eu\/wp-content\/uploads\/2020\/06\/product1-1024x576.jpg","type":"image\/jpeg"}],"twitter_card":"summary_large_image","twitter_misc":{"Gesch\u00e4tzte Lesezeit":"3\u00a0Minuten"},"schema":{"@context":"https:\/\/schema.org","@graph":[{"@type":"WebPage","@id":"https:\/\/www.socklab.eu\/de\/produkte\/","url":"https:\/\/www.socklab.eu\/de\/produkte\/","name":"Socklab| Socken mit einem minimalen \u00f6kologischen Fu\u00dfabdruck","isPartOf":{"@id":"https:\/\/www.socklab.eu\/#website"},"primaryImageOfPage":{"@id":"https:\/\/www.socklab.eu\/de\/produkte\/#primaryimage"},"image":{"@id":"https:\/\/www.socklab.eu\/de\/produkte\/#primaryimage"},"thumbnailUrl":"https:\/\/www.socklab.eu\/wp-content\/uploads\/2020\/06\/product1.jpg","datePublished":"2020-04-17T13:40:20+00:00","dateModified":"2020-10-20T16:45:18+00:00","description":"Wir finden, dass die von uns getragenen Socken besser sein k\u00f6nnten. Alle unsere Socken sind Cradle-to-Cradle-GOLD-zertifiziert.","breadcrumb":{"@id":"https:\/\/www.socklab.eu\/de\/produkte\/#breadcrumb"},"inLanguage":"de","potentialAction":[{"@type":"ReadAction","target":["https:\/\/www.socklab.eu\/de\/produkte\/"]}]},{"@type":"ImageObject","inLanguage":"de","@id":"https:\/\/www.socklab.eu\/de\/produkte\/#primaryimage","url":"https:\/\/www.socklab.eu\/wp-content\/uploads\/2020\/06\/product1.jpg","contentUrl":"https:\/\/www.socklab.eu\/wp-content\/uploads\/2020\/06\/product1.jpg","width":2560,"height":1440},{"@type":"BreadcrumbList","@id":"https:\/\/www.socklab.eu\/de\/produkte\/#breadcrumb","itemListElement":[{"@type":"ListItem","position":1,"name":"Home","item":"https:\/\/www.socklab.eu\/de\/"},{"@type":"ListItem","position":2,"name":"Produkte"}]},{"@type":"WebSite","@id":"https:\/\/www.socklab.eu\/#website","url":"https:\/\/www.socklab.eu\/","name":"Socklab","description":"Just another WordPress site","potentialAction":[{"@type":"SearchAction","target":{"@type":"EntryPoint","urlTemplate":"https:\/\/www.socklab.eu\/?s={search_term_string}"},"query-input":{"@type":"PropertyValueSpecification","valueRequired":true,"valueName":"search_term_string"}}],"inLanguage":"de"}]}},"_links":{"self":[{"href":"https:\/\/www.socklab.eu\/de\/wp-json\/wp\/v2\/pages\/202"}],"collection":[{"href":"https:\/\/www.socklab.eu\/de\/wp-json\/wp\/v2\/pages"}],"about":[{"href":"https:\/\/www.socklab.eu\/de\/wp-json\/wp\/v2\/types\/page"}],"author":[{"embeddable":true,"href":"https:\/\/www.socklab.eu\/de\/wp-json\/wp\/v2\/users\/1"}],"replies":[{"embeddable":true,"href":"https:\/\/www.socklab.eu\/de\/wp-json\/wp\/v2\/comments?post=202"}],"version-history":[{"count":5,"href":"https:\/\/www.socklab.eu\/de\/wp-json\/wp\/v2\/pages\/202\/revisions"}],"predecessor-version":[{"id":645,"href":"https:\/\/www.socklab.eu\/de\/wp-json\/wp\/v2\/pages\/202\/revisions\/645"}],"wp:featuredmedia":[{"embeddable":true,"href":"https:\/\/www.socklab.eu\/de\/wp-json\/wp\/v2\/media\/385"}],"wp:attachment":[{"href":"https:\/\/www.socklab.eu\/de\/wp-json\/wp\/v2\/media?parent=202"}],"curies":[{"name":"wp","href":"https:\/\/api.w.org\/{rel}","templated":true}]}}