{"id":200,"date":"2020-04-17T13:36:13","date_gmt":"2020-04-17T13:36:13","guid":{"rendered":"https:\/\/socklab.eu\/?page_id=200"},"modified":"2020-10-20T18:47:05","modified_gmt":"2020-10-20T16:47:05","slug":"die-socklab-geschichte","status":"publish","type":"page","link":"https:\/\/www.socklab.eu\/de\/die-socklab-geschichte\/","title":{"rendered":"Die Socklab-Geschichte"},"content":{"rendered":"\n<p>Socken\u2026 wer tr\u00e4gt sie nicht? Wir m\u00f6chten gerne, dass sie bequem sitzen und gut zu unserem Outfit passen, aber wir fragen uns meistens nicht, wo sie herkommen oder wo sie enden. Socklab ist der Meinung, dass Socken von guter Qualit\u00e4t sein sollten. Nicht nur in Bezug auf Bequemlichkeit, Komfort und Funktionalit\u00e4t, sondern auch auf Gef\u00fchl und Wohlbefinden. Unsere Socken haben einen funktionellen sowie emotionalen Wert. Eine Socke an sich unterscheidet sich nicht von anderen, unsere schon. Unsere Socken machen den Unterschied. Wie machen wir das? Das k\u00f6nnen Sie unten lesen.<\/p>\n\n\n\n<h2 class=\"wp-block-heading\">Alzheimer SOCKS<\/h2>\n\n\n\n<p>Wir sind nicht neu in der Welt der Socken. Wir machen einen kleinen Zeitsprung und gehen zur\u00fcck ins Jahr 2009. Euro Sox Plus, die Muttergesellschaft von Socklab, h\u00e4lt Einzug in die Welt der Textilien. Euro Sox erwirbt sich einen guten Ruf, indem sie Socken f\u00fcr gro\u00dfe Einzelh\u00e4ndler mit bekannten Marken entwirft. Wirklich bekannt wird die Marke jedoch erst mit der Einf\u00fchrung der Alzheimer SOCKS vor f\u00fcnf Jahren.<\/p>\n\n\n\n<p>Ein Paar Alzheimer SOCKS besteht aus zwei verschiedenen Socken. Diese bewusste Entscheidung symbolisiert die Verwirrung, der Menschen mit Demenz Tag f\u00fcr Tag ausgesetzt sind. Dar\u00fcber hinaus unterst\u00fctzen Sie mit dem Kauf dieser Socke die Erforschung der Alzheimer-Krankheit und anderer Formen der Demenz. Im Jahr 2015 starteten Mart Visser und Frans Molenaar mit einem eigenen Entwurf.<\/p>\n\n\n\n<h2 class=\"wp-block-heading\">Zeigen Sie, wer Sie sind<\/h2>\n\n\n\n<p>Wir glauben nicht an einen Hype, aber wir glauben an kontinuierliche Innovation. Kreativit\u00e4t und Erneuerung haben wir im Blut. Wir reagieren auf aktuelle Entwicklungen, Chancen und Nachfrage. Wir stehen f\u00fcr Socken, die Relevanz bieten und zum Wohlbefinden des Tr\u00e4gers sowie der Welt um uns herum beitragen. Wir sind immer auf der Suche nach Entwicklungen in den Bereichen Technologie, Materialien und Nachhaltigkeit.<\/p>\n\n\n\n<h2 class=\"wp-block-heading\">Cradle to Cradle<\/h2>\n\n\n\n<p>Unsere \u201eCradle to Cradle Certified\u2122 GOLD\u201c-Socke kombiniert maximalen Tragekomfort mit einem minimalen \u00f6kologischen Fu\u00dfabdruck. Diese Socke besteht ausschlie\u00dflich aus biologischen Materialien, die mit erneuerbaren Energien verarbeitet werden. Alle Rohstoffe in der Produktionskette sind gesund f\u00fcr Mensch und Umwelt. Dar\u00fcber hinaus erf\u00fcllen sie strenge \u00f6kologische Anforderungen. Wir liefern eine Socke, die nicht nur gut f\u00fcr Menschen ist, die sie tragen, sondern auch f\u00fcr Menschen, die sie herstellen. <\/p>\n\n\n\n<p><em>Wir sind stolz <\/em><em>\u2212<\/em><em> stolz auf unser Produkt und stolz auf unsere Organisation. Unsere Mitarbeiter und Partner arbeiten jeden Tag mit viel Spa\u00df zusammen, um innovative Produkte auf den Markt zu bringen. In unserem Fall handelt es sich hier um eine Socke, die sich sehen und tragen lassen darf.<\/em><\/p>\n","protected":false},"excerpt":{"rendered":"<p>Socken\u2026 wer tr\u00e4gt sie nicht? Wir m\u00f6chten gerne, dass sie bequem sitzen und gut zu unserem Outfit passen, aber wir fragen uns meistens nicht, wo sie herkommen oder wo sie enden. Socklab ist der Meinung, dass Socken von guter Qualit\u00e4t sein sollten. Nicht nur in Bezug auf Bequemlichkeit, Komfort und Funktionalit\u00e4t, sondern auch auf Gef\u00fchl [&hellip;]<\/p>\n","protected":false},"author":1,"featured_media":701,"parent":0,"menu_order":0,"comment_status":"closed","ping_status":"closed","template":"","meta":{"_acf_changed":false,"_coblocks_attr":"","_coblocks_dimensions":"","_coblocks_responsive_height":"","_coblocks_accordion_ie_support":"","footnotes":""},"class_list":["post-200","page","type-page","status-publish","has-post-thumbnail","hentry"],"acf":[],"yoast_head":"<!-- This site is optimized with the Yoast SEO plugin v23.6 - https:\/\/yoast.com\/wordpress\/plugins\/seo\/ -->\n<title>Socklab | Die Socklab-Geschichte | Cradle to Cradle<\/title>\n<meta name=\"description\" content=\"Unsere Socken haben einen funktionellen sowie emotionalen Wert. Eine Socke an sich unterscheidet sich nicht von anderen, unsere schon.\" \/>\n<meta name=\"robots\" content=\"index, follow, max-snippet:-1, max-image-preview:large, max-video-preview:-1\" \/>\n<link rel=\"canonical\" href=\"https:\/\/www.socklab.eu\/de\/die-socklab-geschichte\/\" \/>\n<meta property=\"og:locale\" content=\"de_DE\" \/>\n<meta property=\"og:type\" content=\"article\" \/>\n<meta property=\"og:title\" content=\"Socklab | Die Socklab-Geschichte | Cradle to Cradle\" \/>\n<meta property=\"og:description\" content=\"Unsere Socken haben einen funktionellen sowie emotionalen Wert. Eine Socke an sich unterscheidet sich nicht von anderen, unsere schon.\" \/>\n<meta property=\"og:url\" content=\"https:\/\/www.socklab.eu\/de\/die-socklab-geschichte\/\" \/>\n<meta property=\"og:site_name\" content=\"Socklab\" \/>\n<meta property=\"article:modified_time\" content=\"2020-10-20T16:47:05+00:00\" \/>\n<meta property=\"og:image\" content=\"https:\/\/www.socklab.eu\/wp-content\/uploads\/2020\/10\/SOCKLAB-STORY_Picture_JPG_2020.10.22-scaled.jpg\" \/>\n\t<meta property=\"og:image:width\" content=\"2560\" \/>\n\t<meta property=\"og:image:height\" content=\"853\" \/>\n\t<meta property=\"og:image:type\" content=\"image\/jpeg\" \/>\n<meta name=\"twitter:card\" content=\"summary_large_image\" \/>\n<meta name=\"twitter:label1\" content=\"Gesch\u00e4tzte Lesezeit\" \/>\n\t<meta name=\"twitter:data1\" content=\"2\u00a0Minuten\" \/>\n<script type=\"application\/ld+json\" class=\"yoast-schema-graph\">{\"@context\":\"https:\/\/schema.org\",\"@graph\":[{\"@type\":\"WebPage\",\"@id\":\"https:\/\/www.socklab.eu\/de\/die-socklab-geschichte\/\",\"url\":\"https:\/\/www.socklab.eu\/de\/die-socklab-geschichte\/\",\"name\":\"Socklab | Die Socklab-Geschichte | Cradle to Cradle\",\"isPartOf\":{\"@id\":\"https:\/\/www.socklab.eu\/#website\"},\"primaryImageOfPage\":{\"@id\":\"https:\/\/www.socklab.eu\/de\/die-socklab-geschichte\/#primaryimage\"},\"image\":{\"@id\":\"https:\/\/www.socklab.eu\/de\/die-socklab-geschichte\/#primaryimage\"},\"thumbnailUrl\":\"https:\/\/www.socklab.eu\/wp-content\/uploads\/2020\/10\/SOCKLAB-STORY_Picture_JPG_2020.10.22-scaled.jpg\",\"datePublished\":\"2020-04-17T13:36:13+00:00\",\"dateModified\":\"2020-10-20T16:47:05+00:00\",\"description\":\"Unsere Socken haben einen funktionellen sowie emotionalen Wert. Eine Socke an sich unterscheidet sich nicht von anderen, unsere schon.\",\"breadcrumb\":{\"@id\":\"https:\/\/www.socklab.eu\/de\/die-socklab-geschichte\/#breadcrumb\"},\"inLanguage\":\"de\",\"potentialAction\":[{\"@type\":\"ReadAction\",\"target\":[\"https:\/\/www.socklab.eu\/de\/die-socklab-geschichte\/\"]}]},{\"@type\":\"ImageObject\",\"inLanguage\":\"de\",\"@id\":\"https:\/\/www.socklab.eu\/de\/die-socklab-geschichte\/#primaryimage\",\"url\":\"https:\/\/www.socklab.eu\/wp-content\/uploads\/2020\/10\/SOCKLAB-STORY_Picture_JPG_2020.10.22-scaled.jpg\",\"contentUrl\":\"https:\/\/www.socklab.eu\/wp-content\/uploads\/2020\/10\/SOCKLAB-STORY_Picture_JPG_2020.10.22-scaled.jpg\",\"width\":2560,\"height\":853},{\"@type\":\"BreadcrumbList\",\"@id\":\"https:\/\/www.socklab.eu\/de\/die-socklab-geschichte\/#breadcrumb\",\"itemListElement\":[{\"@type\":\"ListItem\",\"position\":1,\"name\":\"Home\",\"item\":\"https:\/\/www.socklab.eu\/de\/\"},{\"@type\":\"ListItem\",\"position\":2,\"name\":\"Die Socklab-Geschichte\"}]},{\"@type\":\"WebSite\",\"@id\":\"https:\/\/www.socklab.eu\/#website\",\"url\":\"https:\/\/www.socklab.eu\/\",\"name\":\"Socklab\",\"description\":\"Just another WordPress site\",\"potentialAction\":[{\"@type\":\"SearchAction\",\"target\":{\"@type\":\"EntryPoint\",\"urlTemplate\":\"https:\/\/www.socklab.eu\/?s={search_term_string}\"},\"query-input\":{\"@type\":\"PropertyValueSpecification\",\"valueRequired\":true,\"valueName\":\"search_term_string\"}}],\"inLanguage\":\"de\"}]}<\/script>\n<!-- \/ Yoast SEO plugin. -->","yoast_head_json":{"title":"Socklab | Die Socklab-Geschichte | Cradle to Cradle","description":"Unsere Socken haben einen funktionellen sowie emotionalen Wert. Eine Socke an sich unterscheidet sich nicht von anderen, unsere schon.","robots":{"index":"index","follow":"follow","max-snippet":"max-snippet:-1","max-image-preview":"max-image-preview:large","max-video-preview":"max-video-preview:-1"},"canonical":"https:\/\/www.socklab.eu\/de\/die-socklab-geschichte\/","og_locale":"de_DE","og_type":"article","og_title":"Socklab | Die Socklab-Geschichte | Cradle to Cradle","og_description":"Unsere Socken haben einen funktionellen sowie emotionalen Wert. Eine Socke an sich unterscheidet sich nicht von anderen, unsere schon.","og_url":"https:\/\/www.socklab.eu\/de\/die-socklab-geschichte\/","og_site_name":"Socklab","article_modified_time":"2020-10-20T16:47:05+00:00","og_image":[{"width":2560,"height":853,"url":"https:\/\/www.socklab.eu\/wp-content\/uploads\/2020\/10\/SOCKLAB-STORY_Picture_JPG_2020.10.22-scaled.jpg","type":"image\/jpeg"}],"twitter_card":"summary_large_image","twitter_misc":{"Gesch\u00e4tzte Lesezeit":"2\u00a0Minuten"},"schema":{"@context":"https:\/\/schema.org","@graph":[{"@type":"WebPage","@id":"https:\/\/www.socklab.eu\/de\/die-socklab-geschichte\/","url":"https:\/\/www.socklab.eu\/de\/die-socklab-geschichte\/","name":"Socklab | Die Socklab-Geschichte | Cradle to Cradle","isPartOf":{"@id":"https:\/\/www.socklab.eu\/#website"},"primaryImageOfPage":{"@id":"https:\/\/www.socklab.eu\/de\/die-socklab-geschichte\/#primaryimage"},"image":{"@id":"https:\/\/www.socklab.eu\/de\/die-socklab-geschichte\/#primaryimage"},"thumbnailUrl":"https:\/\/www.socklab.eu\/wp-content\/uploads\/2020\/10\/SOCKLAB-STORY_Picture_JPG_2020.10.22-scaled.jpg","datePublished":"2020-04-17T13:36:13+00:00","dateModified":"2020-10-20T16:47:05+00:00","description":"Unsere Socken haben einen funktionellen sowie emotionalen Wert. Eine Socke an sich unterscheidet sich nicht von anderen, unsere schon.","breadcrumb":{"@id":"https:\/\/www.socklab.eu\/de\/die-socklab-geschichte\/#breadcrumb"},"inLanguage":"de","potentialAction":[{"@type":"ReadAction","target":["https:\/\/www.socklab.eu\/de\/die-socklab-geschichte\/"]}]},{"@type":"ImageObject","inLanguage":"de","@id":"https:\/\/www.socklab.eu\/de\/die-socklab-geschichte\/#primaryimage","url":"https:\/\/www.socklab.eu\/wp-content\/uploads\/2020\/10\/SOCKLAB-STORY_Picture_JPG_2020.10.22-scaled.jpg","contentUrl":"https:\/\/www.socklab.eu\/wp-content\/uploads\/2020\/10\/SOCKLAB-STORY_Picture_JPG_2020.10.22-scaled.jpg","width":2560,"height":853},{"@type":"BreadcrumbList","@id":"https:\/\/www.socklab.eu\/de\/die-socklab-geschichte\/#breadcrumb","itemListElement":[{"@type":"ListItem","position":1,"name":"Home","item":"https:\/\/www.socklab.eu\/de\/"},{"@type":"ListItem","position":2,"name":"Die Socklab-Geschichte"}]},{"@type":"WebSite","@id":"https:\/\/www.socklab.eu\/#website","url":"https:\/\/www.socklab.eu\/","name":"Socklab","description":"Just another WordPress site","potentialAction":[{"@type":"SearchAction","target":{"@type":"EntryPoint","urlTemplate":"https:\/\/www.socklab.eu\/?s={search_term_string}"},"query-input":{"@type":"PropertyValueSpecification","valueRequired":true,"valueName":"search_term_string"}}],"inLanguage":"de"}]}},"_links":{"self":[{"href":"https:\/\/www.socklab.eu\/de\/wp-json\/wp\/v2\/pages\/200"}],"collection":[{"href":"https:\/\/www.socklab.eu\/de\/wp-json\/wp\/v2\/pages"}],"about":[{"href":"https:\/\/www.socklab.eu\/de\/wp-json\/wp\/v2\/types\/page"}],"author":[{"embeddable":true,"href":"https:\/\/www.socklab.eu\/de\/wp-json\/wp\/v2\/users\/1"}],"replies":[{"embeddable":true,"href":"https:\/\/www.socklab.eu\/de\/wp-json\/wp\/v2\/comments?post=200"}],"version-history":[{"count":2,"href":"https:\/\/www.socklab.eu\/de\/wp-json\/wp\/v2\/pages\/200\/revisions"}],"predecessor-version":[{"id":553,"href":"https:\/\/www.socklab.eu\/de\/wp-json\/wp\/v2\/pages\/200\/revisions\/553"}],"wp:featuredmedia":[{"embeddable":true,"href":"https:\/\/www.socklab.eu\/de\/wp-json\/wp\/v2\/media\/701"}],"wp:attachment":[{"href":"https:\/\/www.socklab.eu\/de\/wp-json\/wp\/v2\/media?parent=200"}],"curies":[{"name":"wp","href":"https:\/\/api.w.org\/{rel}","templated":true}]}}